{"id":5230,"date":"2019-11-15T11:50:20","date_gmt":"2019-11-15T10:50:20","guid":{"rendered":"https:\/\/pureaudiorecordings.com\/?post_type=product&#038;p=5230"},"modified":"2026-04-30T18:30:15","modified_gmt":"2026-04-30T16:30:15","slug":"iceland-symphony-orchestra-concurrence","status":"publish","type":"product","link":"https:\/\/pureaudiorecordings.com\/en\/product\/iceland-symphony-orchestra-concurrence\/","title":{"rendered":"Iceland Symphony Orchestra &#8211; Concurrence"},"content":{"rendered":"<p class=\"\">Can you hear a country in its music? I posed that question only a few years ago, while contemplating the five recent<br \/>\norchestral works by leading young Icelandic composers that comprised Recurrence, the previous volume of this invaluable, illuminating <a href=\"https:\/\/pureaudiorecordings.com\/en\/products\/label\/sono-luminus\/\">Sono Luminus<\/a> series. Pondering those pieces with a visit to Iceland still vivid in my mind\u2019s eye, I likened aspects of the music at hand to elements of land and sky, climate and atmosphere\u2014an approach not without merit, but surely not the sole dimension worth contemplating.<\/p>\n<p class=\"\">Two of the composers featured on that previous CD are also present in this second collection, Concurrence. Hearing <a href=\"https:\/\/pureaudiorecordings.com\/en\/?s=Anna+Thorvaldsdottir&amp;lang=en\">Anna Thorvaldsdottir<\/a>\u2019s Metacosmos and Mar\u00eda Huld Markan Sigf\u00fasd\u00f3ttir\u2019s Oceans in close proximity, it\u2019s hard not to consider once more the natural features of Iceland. But before you decide to approach these disparate works as paintings in sound, listen again for aspects that distinctly evoke more human dimensions\u2028.<\/p>\n<p class=\"\">Thorvaldsdottir, advising performers on how to approach Metacosmos, describes her music as \u201can ecosystem of materials that are carried from one performer \u2013 or performers \u2013 to the next throughout the process of the work.\u201d The piece isn\u2019t meant to depict some specific vista, but rather to compel its participants \u2013 listeners included \u2013 to contemplate the myriad interrelations that bind us together, in space and through time. Oceans, with its gently gliding movements and ravishing plays of light and color, conjures visions of the natural world. But there\u2019s also something ineffably human, emotional, and personal in its cinematic swells and haunting suspensions. In both pieces, despite their markedly different aspects and approaches, the sensation of a beating heart is at some point inescapable.<\/p>\n<p class=\"\">Ideas of human presence, interrelationship, and community come to the fore in works by Haukur T\u00f3masson and P\u00e1ll Ragnar P\u00e1lsson. Each is a concerto \u2013 one in name; both in function and spirit \u2013 yet in neither do we hear emphasized the \u201cindividual acting within (or railing against) society\u201d dialectic encountered commonly in the historic genre.<\/p>\n<p class=\"\">In T\u00f3masson\u2019s Piano Concerto No. 2, the soloist is first among equals, a frolicsome force in continual conversation with lively choruses of counterparts, never overshadowed but also rarely isolated. The solo cello is more prominent, perhaps, in P\u00e1lsson\u2019s Quake, but not in the sense of a single orator foregrounded against a complementary background. Rather, amid the work\u2019s deliberate, effective tectonic judders and jolts, the soloist might well be&#8230; well, us, responding with panic and adroitness to keep pace with the rumbling, mysterious tumult all around.<\/p>\n<p class=\"\">Concurrence, then, points out something fundamental about Icelandic music. Works like those presented here, in magnificent performances by the <a href=\"https:\/\/pureaudiorecordings.com\/en\/?lang=en&amp;s=Iceland+Symphony+Orchestra\">Iceland Symphony Orchestra<\/a>, are not merely illustrative of a fascinating, singular ecosystem, but also evoke the relationships that bond this island- nation\u2019s inhabitants to the land, its sky, its weather\u2014and to one another. \u2013 Steve Smith<\/p>\n<div class=\"shariff shariff-align-left shariff-widget-align-left\"><ul class=\"shariff-buttons theme-round orientation-horizontal buttonsize-medium\"><li class=\"shariff-button facebook shariff-nocustomcolor\" style=\"background-color:#4273c8;border-radius:50%\"><a href=\"https:\/\/www.facebook.com\/sharer\/sharer.php?u=https%3A%2F%2Fpureaudiorecordings.com%2Fen%2Fproduct%2Ficeland-symphony-orchestra-concurrence%2F\" title=\"Share on Facebook\" aria-label=\"Share on Facebook\" role=\"button\" rel=\"nofollow\" class=\"shariff-link\" style=\";border-radius:50%; background-color:#3b5998; color:#fff\" target=\"_blank\"><span class=\"shariff-icon\" style=\"\"><svg width=\"32px\" height=\"20px\" xmlns=\"http:\/\/www.w3.org\/2000\/svg\" viewBox=\"0 0 18 32\"><path fill=\"#3b5998\" d=\"M17.1 0.2v4.7h-2.8q-1.5 0-2.1 0.6t-0.5 1.9v3.4h5.2l-0.7 5.3h-4.5v13.6h-5.5v-13.6h-4.5v-5.3h4.5v-3.9q0-3.3 1.9-5.2t5-1.8q2.6 0 4.1 0.2z\"\/><\/svg><\/span><\/a><\/li><li class=\"shariff-button twitter shariff-nocustomcolor\" style=\"background-color:#595959;border-radius:50%\"><a href=\"https:\/\/twitter.com\/share?url=https%3A%2F%2Fpureaudiorecordings.com%2Fen%2Fproduct%2Ficeland-symphony-orchestra-concurrence%2F&text=Iceland%20Symphony%20Orchestra%20%E2%80%93%20Concurrence\" title=\"Share on X\" aria-label=\"Share on X\" role=\"button\" rel=\"noopener nofollow\" class=\"shariff-link\" style=\";border-radius:50%; background-color:#000; color:#fff\" target=\"_blank\"><span class=\"shariff-icon\" style=\"\"><svg width=\"32px\" height=\"20px\" xmlns=\"http:\/\/www.w3.org\/2000\/svg\" viewBox=\"0 0 24 24\"><path fill=\"#000\" d=\"M14.258 10.152L23.176 0h-2.113l-7.747 8.813L7.133 0H0l9.352 13.328L0 23.973h2.113l8.176-9.309 6.531 9.309h7.133zm-2.895 3.293l-.949-1.328L2.875 1.56h3.246l6.086 8.523.945 1.328 7.91 11.078h-3.246zm0 0\"\/><\/svg><\/span><\/a><\/li><li class=\"shariff-button reddit shariff-nocustomcolor\" style=\"background-color:#ff5700;border-radius:50%\"><a href=\"https:\/\/www.reddit.com\/submit?url=https%3A%2F%2Fpureaudiorecordings.com%2Fen%2Fproduct%2Ficeland-symphony-orchestra-concurrence%2F\" title=\"Share on Reddit\" aria-label=\"Share on Reddit\" role=\"button\" rel=\"noopener nofollow\" class=\"shariff-link\" style=\";border-radius:50%; background-color:#ff4500; color:#fff\" target=\"_blank\"><span class=\"shariff-icon\" style=\"\"><svg xmlns=\"http:\/\/www.w3.org\/2000\/svg\" viewBox=\"0 0 512 512\"><path fill=\"#ff4500\" d=\"M440.3 203.5c-15 0-28.2 6.2-37.9 15.9-35.7-24.7-83.8-40.6-137.1-42.3L293 52.3l88.2 19.8c0 21.6 17.6 39.2 39.2 39.2 22 0 39.7-18.1 39.7-39.7s-17.6-39.7-39.7-39.7c-15.4 0-28.7 9.3-35.3 22l-97.4-21.6c-4.9-1.3-9.7 2.2-11 7.1L246.3 177c-52.9 2.2-100.5 18.1-136.3 42.8-9.7-10.1-23.4-16.3-38.4-16.3-55.6 0-73.8 74.6-22.9 100.1-1.8 7.9-2.6 16.3-2.6 24.7 0 83.8 94.4 151.7 210.3 151.7 116.4 0 210.8-67.9 210.8-151.7 0-8.4-.9-17.2-3.1-25.1 49.9-25.6 31.5-99.7-23.8-99.7zM129.4 308.9c0-22 17.6-39.7 39.7-39.7 21.6 0 39.2 17.6 39.2 39.7 0 21.6-17.6 39.2-39.2 39.2-22 .1-39.7-17.6-39.7-39.2zm214.3 93.5c-36.4 36.4-139.1 36.4-175.5 0-4-3.5-4-9.7 0-13.7 3.5-3.5 9.7-3.5 13.2 0 27.8 28.5 120 29 149 0 3.5-3.5 9.7-3.5 13.2 0 4.1 4 4.1 10.2.1 13.7zm-.8-54.2c-21.6 0-39.2-17.6-39.2-39.2 0-22 17.6-39.7 39.2-39.7 22 0 39.7 17.6 39.7 39.7-.1 21.5-17.7 39.2-39.7 39.2z\"\/><\/svg><\/span><\/a><\/li><li class=\"shariff-button mailto shariff-nocustomcolor\" style=\"background-color:#a8a8a8;border-radius:50%\"><a href=\"mailto:?body=https%3A%2F%2Fpureaudiorecordings.com%2Fen%2Fproduct%2Ficeland-symphony-orchestra-concurrence%2F&subject=Iceland%20Symphony%20Orchestra%20%E2%80%93%20Concurrence\" title=\"Send by email\" aria-label=\"Send by email\" role=\"button\" rel=\"noopener nofollow\" class=\"shariff-link\" style=\";border-radius:50%; background-color:#999; color:#fff\"><span class=\"shariff-icon\" style=\"\"><svg width=\"32px\" height=\"20px\" xmlns=\"http:\/\/www.w3.org\/2000\/svg\" viewBox=\"0 0 32 32\"><path fill=\"#999\" d=\"M32 12.7v14.2q0 1.2-0.8 2t-2 0.9h-26.3q-1.2 0-2-0.9t-0.8-2v-14.2q0.8 0.9 1.8 1.6 6.5 4.4 8.9 6.1 1 0.8 1.6 1.2t1.7 0.9 2 0.4h0.1q0.9 0 2-0.4t1.7-0.9 1.6-1.2q3-2.2 8.9-6.1 1-0.7 1.8-1.6zM32 7.4q0 1.4-0.9 2.7t-2.2 2.2q-6.7 4.7-8.4 5.8-0.2 0.1-0.7 0.5t-1 0.7-0.9 0.6-1.1 0.5-0.9 0.2h-0.1q-0.4 0-0.9-0.2t-1.1-0.5-0.9-0.6-1-0.7-0.7-0.5q-1.6-1.1-4.7-3.2t-3.6-2.6q-1.1-0.7-2.1-2t-1-2.5q0-1.4 0.7-2.3t2.1-0.9h26.3q1.2 0 2 0.8t0.9 2z\"\/><\/svg><\/span><\/a><\/li><li class=\"shariff-button rss shariff-nocustomcolor\" style=\"background-color:#ff8c00;border-radius:50%\"><a href=\"https:\/\/pureaudiorecordings.com\/en\/feed\/rss\/\" title=\"RSS feed\" aria-label=\"RSS feed\" role=\"button\" class=\"shariff-link\" style=\";border-radius:50%; background-color:#fe9312; color:#fff\" target=\"_blank\"><span class=\"shariff-icon\" style=\"\"><svg width=\"32px\" height=\"20px\" xmlns=\"http:\/\/www.w3.org\/2000\/svg\" viewBox=\"0 0 32 32\"><path fill=\"#fe9312\" d=\"M4.3 23.5c-2.3 0-4.3 1.9-4.3 4.3 0 2.3 1.9 4.2 4.3 4.2 2.4 0 4.3-1.9 4.3-4.2 0-2.3-1.9-4.3-4.3-4.3zM0 10.9v6.1c4 0 7.7 1.6 10.6 4.4 2.8 2.8 4.4 6.6 4.4 10.6h6.2c0-11.7-9.5-21.1-21.1-21.1zM0 0v6.1c14.2 0 25.8 11.6 25.8 25.9h6.2c0-17.6-14.4-32-32-32z\"\/><\/svg><\/span><\/a><\/li><\/ul><\/div>","protected":false},"excerpt":{"rendered":"<p>Can you hear a country in its music? I posed that question only a few years ago, while contemplating the five recent orchestral works by leading young Icelandic composers that comprised Recurrence, the previous volume of this invaluable, illuminating Sono Luminus series. Pondering those pieces with a visit to Iceland still vivid in my mind\u2019s [&hellip;]<\/p>\n","protected":false},"featured_media":5231,"template":"","meta":{"_acf_changed":false},"product_brand":[],"product_cat":[90,56],"product_tag":[407,87],"product-type":[402],"specials":[],"audio-formats":[132,131,130,129],"additional-disc":[112],"recorded-in":[157],"mshuttle":[80,78],"label":[121],"class_list":{"0":"post-5230","1":"product","2":"type-product","3":"status-publish","4":"has-post-thumbnail","6":"product_cat-symphonic","7":"product_cat-classical-en-3","8":"product_tag-pabd","9":"product_tag-sono-luminus","10":"product-type-pure-audio-blu-ray","11":"audio-formats-stereo","12":"audio-formats-surround-sound","13":"audio-formats-auro-3d-filter-tag","14":"audio-formats-dolby-atmos-filter-tag","15":"additional-disc-cd-audio","16":"recorded-in-n-a","17":"mshuttle-flac","18":"mshuttle-mp3","19":"label-sono-luminus","21":"first","22":"outofstock","23":"taxable","24":"shipping-taxable","25":"purchasable","26":"product-type-simple"},"acf":[],"yoast_head":"<!-- This site is optimized with the Yoast SEO plugin v27.5 - https:\/\/yoast.com\/product\/yoast-seo-wordpress\/ -->\n<title>Iceland Symphony Orchestra - Concurrence - Pure Audio Recordings<\/title>\n<meta name=\"robots\" content=\"index, follow, max-snippet:-1, max-image-preview:large, max-video-preview:-1\" \/>\n<link rel=\"canonical\" href=\"https:\/\/pureaudiorecordings.com\/en\/product\/iceland-symphony-orchestra-concurrence\/\" \/>\n<meta property=\"og:locale\" content=\"en_US\" \/>\n<meta property=\"og:type\" content=\"article\" \/>\n<meta property=\"og:title\" content=\"Iceland Symphony Orchestra - Concurrence - Pure Audio Recordings\" \/>\n<meta property=\"og:description\" content=\"Can you hear a country in its music? I posed that question only a few years ago, while contemplating the five recent orchestral works by leading young Icelandic composers that comprised Recurrence, the previous volume of this invaluable, illuminating Sono Luminus series. Pondering those pieces with a visit to Iceland still vivid in my mind\u2019s [&hellip;]\" \/>\n<meta property=\"og:url\" content=\"https:\/\/pureaudiorecordings.com\/en\/product\/iceland-symphony-orchestra-concurrence\/\" \/>\n<meta property=\"og:site_name\" content=\"Pure Audio Recordings\" \/>\n<meta property=\"article:publisher\" content=\"https:\/\/www.facebook.com\/pureaudiorecordings\/\" \/>\n<meta property=\"article:modified_time\" content=\"2026-04-30T16:30:15+00:00\" \/>\n<meta property=\"og:image\" content=\"https:\/\/pureaudiorecordings.com\/wp-content\/uploads\/2019\/12\/iceland-symphonic-orchestra-concurrence_front.jpg\" \/>\n\t<meta property=\"og:image:width\" content=\"1000\" \/>\n\t<meta property=\"og:image:height\" content=\"1000\" \/>\n\t<meta property=\"og:image:type\" content=\"image\/jpeg\" \/>\n<meta name=\"twitter:card\" content=\"summary_large_image\" \/>\n<meta name=\"twitter:site\" content=\"@PArecordings\" \/>\n<meta name=\"twitter:label1\" content=\"Est. reading time\" \/>\n\t<meta name=\"twitter:data1\" content=\"3 minutes\" \/>\n<script type=\"application\/ld+json\" class=\"yoast-schema-graph\">{\"@context\":\"https:\\\/\\\/schema.org\",\"@graph\":[{\"@type\":\"WebPage\",\"@id\":\"https:\\\/\\\/pureaudiorecordings.com\\\/en\\\/product\\\/iceland-symphony-orchestra-concurrence\\\/\",\"url\":\"https:\\\/\\\/pureaudiorecordings.com\\\/en\\\/product\\\/iceland-symphony-orchestra-concurrence\\\/\",\"name\":\"Iceland Symphony Orchestra - Concurrence - Pure Audio Recordings\",\"isPartOf\":{\"@id\":\"https:\\\/\\\/pureaudiorecordings.com\\\/en\\\/#website\"},\"primaryImageOfPage\":{\"@id\":\"https:\\\/\\\/pureaudiorecordings.com\\\/en\\\/product\\\/iceland-symphony-orchestra-concurrence\\\/#primaryimage\"},\"image\":{\"@id\":\"https:\\\/\\\/pureaudiorecordings.com\\\/en\\\/product\\\/iceland-symphony-orchestra-concurrence\\\/#primaryimage\"},\"thumbnailUrl\":\"https:\\\/\\\/pureaudiorecordings.com\\\/wp-content\\\/uploads\\\/2019\\\/12\\\/iceland-symphonic-orchestra-concurrence_front.jpg\",\"datePublished\":\"2019-11-15T10:50:20+00:00\",\"dateModified\":\"2026-04-30T16:30:15+00:00\",\"breadcrumb\":{\"@id\":\"https:\\\/\\\/pureaudiorecordings.com\\\/en\\\/product\\\/iceland-symphony-orchestra-concurrence\\\/#breadcrumb\"},\"inLanguage\":\"en-US\",\"potentialAction\":[{\"@type\":\"ReadAction\",\"target\":[\"https:\\\/\\\/pureaudiorecordings.com\\\/en\\\/product\\\/iceland-symphony-orchestra-concurrence\\\/\"]}]},{\"@type\":\"ImageObject\",\"inLanguage\":\"en-US\",\"@id\":\"https:\\\/\\\/pureaudiorecordings.com\\\/en\\\/product\\\/iceland-symphony-orchestra-concurrence\\\/#primaryimage\",\"url\":\"https:\\\/\\\/pureaudiorecordings.com\\\/wp-content\\\/uploads\\\/2019\\\/12\\\/iceland-symphonic-orchestra-concurrence_front.jpg\",\"contentUrl\":\"https:\\\/\\\/pureaudiorecordings.com\\\/wp-content\\\/uploads\\\/2019\\\/12\\\/iceland-symphonic-orchestra-concurrence_front.jpg\",\"width\":1000,\"height\":1000},{\"@type\":\"BreadcrumbList\",\"@id\":\"https:\\\/\\\/pureaudiorecordings.com\\\/en\\\/product\\\/iceland-symphony-orchestra-concurrence\\\/#breadcrumb\",\"itemListElement\":[{\"@type\":\"ListItem\",\"position\":1,\"name\":\"Home\",\"item\":\"https:\\\/\\\/pureaudiorecordings.com\\\/en\\\/welcome-to-pure-audio-recordings\\\/\"},{\"@type\":\"ListItem\",\"position\":2,\"name\":\"Shop\",\"item\":\"https:\\\/\\\/pureaudiorecordings.com\\\/shop\\\/\"},{\"@type\":\"ListItem\",\"position\":3,\"name\":\"Iceland Symphony Orchestra &#8211; Concurrence\"}]},{\"@type\":\"WebSite\",\"@id\":\"https:\\\/\\\/pureaudiorecordings.com\\\/en\\\/#website\",\"url\":\"https:\\\/\\\/pureaudiorecordings.com\\\/en\\\/\",\"name\":\"Pure Audio Recordings\",\"description\":\"Music for people with a preference for physical high definition audio\",\"publisher\":{\"@id\":\"https:\\\/\\\/pureaudiorecordings.com\\\/en\\\/#organization\"},\"potentialAction\":[{\"@type\":\"SearchAction\",\"target\":{\"@type\":\"EntryPoint\",\"urlTemplate\":\"https:\\\/\\\/pureaudiorecordings.com\\\/en\\\/?s={search_term_string}\"},\"query-input\":{\"@type\":\"PropertyValueSpecification\",\"valueRequired\":true,\"valueName\":\"search_term_string\"}}],\"inLanguage\":\"en-US\"},{\"@type\":\"Organization\",\"@id\":\"https:\\\/\\\/pureaudiorecordings.com\\\/en\\\/#organization\",\"name\":\"Pure Audio Recordings\",\"url\":\"https:\\\/\\\/pureaudiorecordings.com\\\/en\\\/\",\"logo\":{\"@type\":\"ImageObject\",\"inLanguage\":\"en-US\",\"@id\":\"https:\\\/\\\/pureaudiorecordings.com\\\/en\\\/#\\\/schema\\\/logo\\\/image\\\/\",\"url\":\"https:\\\/\\\/pureaudiorecordings.com\\\/wp-content\\\/uploads\\\/2019\\\/01\\\/parec_logo_black-e1552581402778.png\",\"contentUrl\":\"https:\\\/\\\/pureaudiorecordings.com\\\/wp-content\\\/uploads\\\/2019\\\/01\\\/parec_logo_black-e1552581402778.png\",\"width\":110,\"height\":67,\"caption\":\"Pure Audio Recordings\"},\"image\":{\"@id\":\"https:\\\/\\\/pureaudiorecordings.com\\\/en\\\/#\\\/schema\\\/logo\\\/image\\\/\"},\"sameAs\":[\"https:\\\/\\\/www.facebook.com\\\/pureaudiorecordings\\\/\",\"https:\\\/\\\/x.com\\\/PArecordings\"]}]}<\/script>\n<!-- \/ Yoast SEO plugin. -->","yoast_head_json":{"title":"Iceland Symphony Orchestra - Concurrence - Pure Audio Recordings","robots":{"index":"index","follow":"follow","max-snippet":"max-snippet:-1","max-image-preview":"max-image-preview:large","max-video-preview":"max-video-preview:-1"},"canonical":"https:\/\/pureaudiorecordings.com\/en\/product\/iceland-symphony-orchestra-concurrence\/","og_locale":"en_US","og_type":"article","og_title":"Iceland Symphony Orchestra - Concurrence - Pure Audio Recordings","og_description":"Can you hear a country in its music? I posed that question only a few years ago, while contemplating the five recent orchestral works by leading young Icelandic composers that comprised Recurrence, the previous volume of this invaluable, illuminating Sono Luminus series. Pondering those pieces with a visit to Iceland still vivid in my mind\u2019s [&hellip;]","og_url":"https:\/\/pureaudiorecordings.com\/en\/product\/iceland-symphony-orchestra-concurrence\/","og_site_name":"Pure Audio Recordings","article_publisher":"https:\/\/www.facebook.com\/pureaudiorecordings\/","article_modified_time":"2026-04-30T16:30:15+00:00","og_image":[{"width":1000,"height":1000,"url":"https:\/\/pureaudiorecordings.com\/wp-content\/uploads\/2019\/12\/iceland-symphonic-orchestra-concurrence_front.jpg","type":"image\/jpeg"}],"twitter_card":"summary_large_image","twitter_site":"@PArecordings","twitter_misc":{"Est. reading time":"3 minutes"},"schema":{"@context":"https:\/\/schema.org","@graph":[{"@type":"WebPage","@id":"https:\/\/pureaudiorecordings.com\/en\/product\/iceland-symphony-orchestra-concurrence\/","url":"https:\/\/pureaudiorecordings.com\/en\/product\/iceland-symphony-orchestra-concurrence\/","name":"Iceland Symphony Orchestra - Concurrence - Pure Audio Recordings","isPartOf":{"@id":"https:\/\/pureaudiorecordings.com\/en\/#website"},"primaryImageOfPage":{"@id":"https:\/\/pureaudiorecordings.com\/en\/product\/iceland-symphony-orchestra-concurrence\/#primaryimage"},"image":{"@id":"https:\/\/pureaudiorecordings.com\/en\/product\/iceland-symphony-orchestra-concurrence\/#primaryimage"},"thumbnailUrl":"https:\/\/pureaudiorecordings.com\/wp-content\/uploads\/2019\/12\/iceland-symphonic-orchestra-concurrence_front.jpg","datePublished":"2019-11-15T10:50:20+00:00","dateModified":"2026-04-30T16:30:15+00:00","breadcrumb":{"@id":"https:\/\/pureaudiorecordings.com\/en\/product\/iceland-symphony-orchestra-concurrence\/#breadcrumb"},"inLanguage":"en-US","potentialAction":[{"@type":"ReadAction","target":["https:\/\/pureaudiorecordings.com\/en\/product\/iceland-symphony-orchestra-concurrence\/"]}]},{"@type":"ImageObject","inLanguage":"en-US","@id":"https:\/\/pureaudiorecordings.com\/en\/product\/iceland-symphony-orchestra-concurrence\/#primaryimage","url":"https:\/\/pureaudiorecordings.com\/wp-content\/uploads\/2019\/12\/iceland-symphonic-orchestra-concurrence_front.jpg","contentUrl":"https:\/\/pureaudiorecordings.com\/wp-content\/uploads\/2019\/12\/iceland-symphonic-orchestra-concurrence_front.jpg","width":1000,"height":1000},{"@type":"BreadcrumbList","@id":"https:\/\/pureaudiorecordings.com\/en\/product\/iceland-symphony-orchestra-concurrence\/#breadcrumb","itemListElement":[{"@type":"ListItem","position":1,"name":"Home","item":"https:\/\/pureaudiorecordings.com\/en\/welcome-to-pure-audio-recordings\/"},{"@type":"ListItem","position":2,"name":"Shop","item":"https:\/\/pureaudiorecordings.com\/shop\/"},{"@type":"ListItem","position":3,"name":"Iceland Symphony Orchestra &#8211; Concurrence"}]},{"@type":"WebSite","@id":"https:\/\/pureaudiorecordings.com\/en\/#website","url":"https:\/\/pureaudiorecordings.com\/en\/","name":"Pure Audio Recordings","description":"Music for people with a preference for physical high definition audio","publisher":{"@id":"https:\/\/pureaudiorecordings.com\/en\/#organization"},"potentialAction":[{"@type":"SearchAction","target":{"@type":"EntryPoint","urlTemplate":"https:\/\/pureaudiorecordings.com\/en\/?s={search_term_string}"},"query-input":{"@type":"PropertyValueSpecification","valueRequired":true,"valueName":"search_term_string"}}],"inLanguage":"en-US"},{"@type":"Organization","@id":"https:\/\/pureaudiorecordings.com\/en\/#organization","name":"Pure Audio Recordings","url":"https:\/\/pureaudiorecordings.com\/en\/","logo":{"@type":"ImageObject","inLanguage":"en-US","@id":"https:\/\/pureaudiorecordings.com\/en\/#\/schema\/logo\/image\/","url":"https:\/\/pureaudiorecordings.com\/wp-content\/uploads\/2019\/01\/parec_logo_black-e1552581402778.png","contentUrl":"https:\/\/pureaudiorecordings.com\/wp-content\/uploads\/2019\/01\/parec_logo_black-e1552581402778.png","width":110,"height":67,"caption":"Pure Audio Recordings"},"image":{"@id":"https:\/\/pureaudiorecordings.com\/en\/#\/schema\/logo\/image\/"},"sameAs":["https:\/\/www.facebook.com\/pureaudiorecordings\/","https:\/\/x.com\/PArecordings"]}]}},"_links":{"self":[{"href":"https:\/\/pureaudiorecordings.com\/en\/wp-json\/wp\/v2\/product\/5230","targetHints":{"allow":["GET"]}}],"collection":[{"href":"https:\/\/pureaudiorecordings.com\/en\/wp-json\/wp\/v2\/product"}],"about":[{"href":"https:\/\/pureaudiorecordings.com\/en\/wp-json\/wp\/v2\/types\/product"}],"version-history":[{"count":0,"href":"https:\/\/pureaudiorecordings.com\/en\/wp-json\/wp\/v2\/product\/5230\/revisions"}],"wp:featuredmedia":[{"embeddable":true,"href":"https:\/\/pureaudiorecordings.com\/en\/wp-json\/wp\/v2\/media\/5231"}],"wp:attachment":[{"href":"https:\/\/pureaudiorecordings.com\/en\/wp-json\/wp\/v2\/media?parent=5230"}],"wp:term":[{"taxonomy":"product_brand","embeddable":true,"href":"https:\/\/pureaudiorecordings.com\/en\/wp-json\/wp\/v2\/product_brand?post=5230"},{"taxonomy":"product_cat","embeddable":true,"href":"https:\/\/pureaudiorecordings.com\/en\/wp-json\/wp\/v2\/product_cat?post=5230"},{"taxonomy":"product_tag","embeddable":true,"href":"https:\/\/pureaudiorecordings.com\/en\/wp-json\/wp\/v2\/product_tag?post=5230"},{"taxonomy":"product-type","embeddable":true,"href":"https:\/\/pureaudiorecordings.com\/en\/wp-json\/wp\/v2\/product-type?post=5230"},{"taxonomy":"specials","embeddable":true,"href":"https:\/\/pureaudiorecordings.com\/en\/wp-json\/wp\/v2\/specials?post=5230"},{"taxonomy":"audio-formats","embeddable":true,"href":"https:\/\/pureaudiorecordings.com\/en\/wp-json\/wp\/v2\/audio-formats?post=5230"},{"taxonomy":"additional-disc","embeddable":true,"href":"https:\/\/pureaudiorecordings.com\/en\/wp-json\/wp\/v2\/additional-disc?post=5230"},{"taxonomy":"recorded-in","embeddable":true,"href":"https:\/\/pureaudiorecordings.com\/en\/wp-json\/wp\/v2\/recorded-in?post=5230"},{"taxonomy":"mshuttle","embeddable":true,"href":"https:\/\/pureaudiorecordings.com\/en\/wp-json\/wp\/v2\/mshuttle?post=5230"},{"taxonomy":"label","embeddable":true,"href":"https:\/\/pureaudiorecordings.com\/en\/wp-json\/wp\/v2\/label?post=5230"}],"curies":[{"name":"wp","href":"https:\/\/api.w.org\/{rel}","templated":true}]}}