{"id":18640,"date":"2023-06-02T12:26:24","date_gmt":"2023-06-02T10:26:24","guid":{"rendered":"https:\/\/pureaudiorecordings.com\/product\/berliner-philharmoniker-frank-peter-zimmerman-beethoven-%c2%b7-berg-%c2%b7-bartok-violin-concertos\/"},"modified":"2024-09-02T18:07:58","modified_gmt":"2024-09-02T16:07:58","slug":"berliner-philharmoniker-frank-peter-zimmerman-beethoven-%c2%b7-berg-%c2%b7-bartok-violinkonzerte","status":"publish","type":"product","link":"https:\/\/pureaudiorecordings.com\/en\/product\/berliner-philharmoniker-frank-peter-zimmerman-beethoven-%c2%b7-berg-%c2%b7-bartok-violinkonzerte\/","title":{"rendered":"Berliner Philharmoniker &amp; Frank Peter Zimmerman \u2013 Beethoven \u00b7 Berg \u00b7 Bart\u00f3k: Violin Concertos"},"content":{"rendered":"<p>The great conductors of the world are not the only important artistic companions of the Berliner Philharmoniker. It is always exceptional soloists who perform regularly with the orchestra, providing individual impulses in the collaboration and opening up stimulating perspectives on the music. The Berliner Philharmoniker enjoys a fertile partnership with many of these esteemed companions &#8211; and even a friendship with some of them. One such friend is Frank Peter Zimmermann. Since their first concert together, in 1985 at the Waldb\u00fchne, he and the Berliner Philharmoniker have been closely connected. His performances weave a thread between generations of musicians; hardly any of the conductors who shaped the orchestra in those years did not work with the exceptional violinist. Now four outstanding snapshots of this intensive musical partnership are being released by the in-house label in an exclusive edition: the first is &#8211; in the words of Frank Peter Zimmermann &#8211; the \u201cMount Everest of violin concertos\u201d, Ludwig van Beethoven&#8217;s Violin Concerto. Its pioneering specialty lies above all in the close interlocking of solo voice and orchestra. Daniel Harding can be experienced here as a conductor with great stylistic sensitivity. For Frank Peter Zimmermann, the second work in this edition is also one of the greatest that the violin literature has to offer. Alban Berg composed his violin concerto \u201cdedicated to the memory of an angel\u201d as a kind of requiem for Manon Gropius, who died young, and the violinist recorded it with Kirill Petrenko. Frank Peter Zimmermann&#8217;s interpretation reveals the deeply romantic tone of the twelve-tone work, which the soloist says has \u201ctaken a piece of [his] soul\u201d after every performance. Frank Peter Zimmermann describes the time he spent making music with Kirill Petrenko as unforgettable \u201cmagic moments\u201d. The first two great \u201cBs\u201d are complemented by another, no less great one: B\u00e9la Bart\u00f3k. Frank Peter Zimmermann approached Bart\u00f3k&#8217;s enormously detailed and nuanced music with the greatest respect. It was only relatively late in his artistic career that he began the time-consuming study of the composer&#8217;s two violin concertos &#8211; which then immediately cast a spell over him. Today they are an indispensable part of his repertoire. In 2016, Frank Peter Zimmermann recorded both violin concertos with the Berliner Philharmoniker and Alan Gilbert, with whom he has enjoyed a close friendship for over 20 years. While the rapturous first is all about the composer&#8217;s love for the young violinist Stefi Geyer, the second is captivating with its sensual melodies and highly original design. Frank Peter Zimmermann calls the latter \u201cone of the three greatest violin concertos ever composed\u201d. In addition to the recordings on two CDs and a Blu-ray, the high-quality hardcover edition contains an extensive booklet with essays, introductions and numerous photos. It was designed by artist Jorinde Voigt.<\/p>\n<div class=\"shariff shariff-align-left shariff-widget-align-left\"><ul class=\"shariff-buttons theme-round orientation-horizontal buttonsize-medium\"><li class=\"shariff-button facebook shariff-nocustomcolor\" style=\"background-color:#4273c8;border-radius:50%\"><a href=\"https:\/\/www.facebook.com\/sharer\/sharer.php?u=https%3A%2F%2Fpureaudiorecordings.com%2Fen%2Fproduct%2Fberliner-philharmoniker-frank-peter-zimmerman-beethoven-%25c2%25b7-berg-%25c2%25b7-bartok-violinkonzerte%2F\" title=\"Share on Facebook\" aria-label=\"Share on Facebook\" role=\"button\" rel=\"nofollow\" class=\"shariff-link\" style=\";border-radius:50%; background-color:#3b5998; color:#fff\" target=\"_blank\"><span class=\"shariff-icon\" style=\"\"><svg width=\"32px\" height=\"20px\" xmlns=\"http:\/\/www.w3.org\/2000\/svg\" viewBox=\"0 0 18 32\"><path fill=\"#3b5998\" d=\"M17.1 0.2v4.7h-2.8q-1.5 0-2.1 0.6t-0.5 1.9v3.4h5.2l-0.7 5.3h-4.5v13.6h-5.5v-13.6h-4.5v-5.3h4.5v-3.9q0-3.3 1.9-5.2t5-1.8q2.6 0 4.1 0.2z\"\/><\/svg><\/span><\/a><\/li><li class=\"shariff-button twitter shariff-nocustomcolor\" style=\"background-color:#595959;border-radius:50%\"><a href=\"https:\/\/twitter.com\/share?url=https%3A%2F%2Fpureaudiorecordings.com%2Fen%2Fproduct%2Fberliner-philharmoniker-frank-peter-zimmerman-beethoven-%25c2%25b7-berg-%25c2%25b7-bartok-violinkonzerte%2F&text=Berliner%20Philharmoniker%20%26%20Frank%20Peter%20Zimmerman%20%E2%80%93%20Beethoven%20%C2%B7%20Berg%20%C2%B7%20Bart%C3%B3k%3A%20Violin%20Concertos\" title=\"Share on X\" aria-label=\"Share on X\" role=\"button\" rel=\"noopener nofollow\" class=\"shariff-link\" style=\";border-radius:50%; background-color:#000; color:#fff\" target=\"_blank\"><span class=\"shariff-icon\" style=\"\"><svg width=\"32px\" height=\"20px\" xmlns=\"http:\/\/www.w3.org\/2000\/svg\" viewBox=\"0 0 24 24\"><path fill=\"#000\" d=\"M14.258 10.152L23.176 0h-2.113l-7.747 8.813L7.133 0H0l9.352 13.328L0 23.973h2.113l8.176-9.309 6.531 9.309h7.133zm-2.895 3.293l-.949-1.328L2.875 1.56h3.246l6.086 8.523.945 1.328 7.91 11.078h-3.246zm0 0\"\/><\/svg><\/span><\/a><\/li><li class=\"shariff-button reddit shariff-nocustomcolor\" style=\"background-color:#ff5700;border-radius:50%\"><a href=\"https:\/\/www.reddit.com\/submit?url=https%3A%2F%2Fpureaudiorecordings.com%2Fen%2Fproduct%2Fberliner-philharmoniker-frank-peter-zimmerman-beethoven-%25c2%25b7-berg-%25c2%25b7-bartok-violinkonzerte%2F\" title=\"Share on Reddit\" aria-label=\"Share on Reddit\" role=\"button\" rel=\"noopener nofollow\" class=\"shariff-link\" style=\";border-radius:50%; background-color:#ff4500; color:#fff\" target=\"_blank\"><span class=\"shariff-icon\" style=\"\"><svg xmlns=\"http:\/\/www.w3.org\/2000\/svg\" viewBox=\"0 0 512 512\"><path fill=\"#ff4500\" d=\"M440.3 203.5c-15 0-28.2 6.2-37.9 15.9-35.7-24.7-83.8-40.6-137.1-42.3L293 52.3l88.2 19.8c0 21.6 17.6 39.2 39.2 39.2 22 0 39.7-18.1 39.7-39.7s-17.6-39.7-39.7-39.7c-15.4 0-28.7 9.3-35.3 22l-97.4-21.6c-4.9-1.3-9.7 2.2-11 7.1L246.3 177c-52.9 2.2-100.5 18.1-136.3 42.8-9.7-10.1-23.4-16.3-38.4-16.3-55.6 0-73.8 74.6-22.9 100.1-1.8 7.9-2.6 16.3-2.6 24.7 0 83.8 94.4 151.7 210.3 151.7 116.4 0 210.8-67.9 210.8-151.7 0-8.4-.9-17.2-3.1-25.1 49.9-25.6 31.5-99.7-23.8-99.7zM129.4 308.9c0-22 17.6-39.7 39.7-39.7 21.6 0 39.2 17.6 39.2 39.7 0 21.6-17.6 39.2-39.2 39.2-22 .1-39.7-17.6-39.7-39.2zm214.3 93.5c-36.4 36.4-139.1 36.4-175.5 0-4-3.5-4-9.7 0-13.7 3.5-3.5 9.7-3.5 13.2 0 27.8 28.5 120 29 149 0 3.5-3.5 9.7-3.5 13.2 0 4.1 4 4.1 10.2.1 13.7zm-.8-54.2c-21.6 0-39.2-17.6-39.2-39.2 0-22 17.6-39.7 39.2-39.7 22 0 39.7 17.6 39.7 39.7-.1 21.5-17.7 39.2-39.7 39.2z\"\/><\/svg><\/span><\/a><\/li><li class=\"shariff-button mailto shariff-nocustomcolor\" style=\"background-color:#a8a8a8;border-radius:50%\"><a href=\"mailto:?body=https%3A%2F%2Fpureaudiorecordings.com%2Fen%2Fproduct%2Fberliner-philharmoniker-frank-peter-zimmerman-beethoven-%25c2%25b7-berg-%25c2%25b7-bartok-violinkonzerte%2F&subject=Berliner%20Philharmoniker%20%26%20Frank%20Peter%20Zimmerman%20%E2%80%93%20Beethoven%20%C2%B7%20Berg%20%C2%B7%20Bart%C3%B3k%3A%20Violin%20Concertos\" title=\"Send by email\" aria-label=\"Send by email\" role=\"button\" rel=\"noopener nofollow\" class=\"shariff-link\" style=\";border-radius:50%; background-color:#999; color:#fff\"><span class=\"shariff-icon\" style=\"\"><svg width=\"32px\" height=\"20px\" xmlns=\"http:\/\/www.w3.org\/2000\/svg\" viewBox=\"0 0 32 32\"><path fill=\"#999\" d=\"M32 12.7v14.2q0 1.2-0.8 2t-2 0.9h-26.3q-1.2 0-2-0.9t-0.8-2v-14.2q0.8 0.9 1.8 1.6 6.5 4.4 8.9 6.1 1 0.8 1.6 1.2t1.7 0.9 2 0.4h0.1q0.9 0 2-0.4t1.7-0.9 1.6-1.2q3-2.2 8.9-6.1 1-0.7 1.8-1.6zM32 7.4q0 1.4-0.9 2.7t-2.2 2.2q-6.7 4.7-8.4 5.8-0.2 0.1-0.7 0.5t-1 0.7-0.9 0.6-1.1 0.5-0.9 0.2h-0.1q-0.4 0-0.9-0.2t-1.1-0.5-0.9-0.6-1-0.7-0.7-0.5q-1.6-1.1-4.7-3.2t-3.6-2.6q-1.1-0.7-2.1-2t-1-2.5q0-1.4 0.7-2.3t2.1-0.9h26.3q1.2 0 2 0.8t0.9 2z\"\/><\/svg><\/span><\/a><\/li><li class=\"shariff-button rss shariff-nocustomcolor\" style=\"background-color:#ff8c00;border-radius:50%\"><a href=\"https:\/\/pureaudiorecordings.com\/en\/feed\/rss\/\" title=\"RSS feed\" aria-label=\"RSS feed\" role=\"button\" class=\"shariff-link\" style=\";border-radius:50%; background-color:#fe9312; color:#fff\" target=\"_blank\"><span class=\"shariff-icon\" style=\"\"><svg width=\"32px\" height=\"20px\" xmlns=\"http:\/\/www.w3.org\/2000\/svg\" viewBox=\"0 0 32 32\"><path fill=\"#fe9312\" d=\"M4.3 23.5c-2.3 0-4.3 1.9-4.3 4.3 0 2.3 1.9 4.2 4.3 4.2 2.4 0 4.3-1.9 4.3-4.2 0-2.3-1.9-4.3-4.3-4.3zM0 10.9v6.1c4 0 7.7 1.6 10.6 4.4 2.8 2.8 4.4 6.6 4.4 10.6h6.2c0-11.7-9.5-21.1-21.1-21.1zM0 0v6.1c14.2 0 25.8 11.6 25.8 25.9h6.2c0-17.6-14.4-32-32-32z\"\/><\/svg><\/span><\/a><\/li><\/ul><\/div>","protected":false},"excerpt":{"rendered":"<p>The great conductors of the world are not the only important artistic companions of the Berliner Philharmoniker. It is always exceptional soloists who perform regularly with the orchestra, providing individual impulses in the collaboration and opening up stimulating perspectives on the music. The Berliner Philharmoniker enjoys a fertile partnership with many of these esteemed companions [&hellip;]<\/p>\n","protected":false},"featured_media":18635,"template":"","meta":{"_acf_changed":false},"product_brand":[],"product_cat":[152,855],"product_tag":[96,407],"product-type":[402],"specials":[],"audio-formats":[131,132],"additional-disc":[116],"recorded-in":[],"mshuttle":[],"label":[68],"class_list":{"0":"post-18640","1":"product","2":"type-product","3":"status-publish","4":"has-post-thumbnail","6":"product_cat-solo-instrumental-with-orchestra","7":"product_cat-classical-en","8":"product_tag-berliner-philharmoniker-recordings","9":"product_tag-pabd","10":"product-type-pure-audio-blu-ray","11":"audio-formats-surround-sound","12":"audio-formats-stereo","13":"additional-disc-2-cd-audio","14":"label-berliner-philharmoniker","16":"first","17":"outofstock","18":"taxable","19":"shipping-taxable","20":"purchasable","21":"product-type-simple"},"acf":[],"yoast_head":"<!-- This site is optimized with the Yoast SEO plugin v27.5 - https:\/\/yoast.com\/product\/yoast-seo-wordpress\/ -->\n<title>Berliner Philharmoniker &amp; Frank Peter Zimmerman \u2013 Violinkonzerte - Pure Audio Recordings<\/title>\n<meta name=\"description\" content=\"On this album, Frank Peter Zimmermann and the Berliner Philharmoniker present the violin concertos by Beethoven, Berg and Bart\u00f3k.\" \/>\n<meta name=\"robots\" content=\"index, follow, max-snippet:-1, max-image-preview:large, max-video-preview:-1\" \/>\n<link rel=\"canonical\" href=\"https:\/\/pureaudiorecordings.com\/en\/product\/berliner-philharmoniker-frank-peter-zimmerman-beethoven-%c2%b7-berg-%c2%b7-bartok-violinkonzerte\/\" \/>\n<meta property=\"og:locale\" content=\"en_US\" \/>\n<meta property=\"og:type\" content=\"article\" \/>\n<meta property=\"og:title\" content=\"Berliner Philharmoniker &amp; Frank Peter Zimmerman \u2013 Violinkonzerte - Pure Audio Recordings\" \/>\n<meta property=\"og:description\" content=\"On this album, Frank Peter Zimmermann and the Berliner Philharmoniker present the violin concertos by Beethoven, Berg and Bart\u00f3k.\" \/>\n<meta property=\"og:url\" content=\"https:\/\/pureaudiorecordings.com\/en\/product\/berliner-philharmoniker-frank-peter-zimmerman-beethoven-%c2%b7-berg-%c2%b7-bartok-violinkonzerte\/\" \/>\n<meta property=\"og:site_name\" content=\"Pure Audio Recordings\" \/>\n<meta property=\"article:publisher\" content=\"https:\/\/www.facebook.com\/pureaudiorecordings\/\" \/>\n<meta property=\"article:modified_time\" content=\"2024-09-02T16:07:58+00:00\" \/>\n<meta property=\"og:image\" content=\"https:\/\/pureaudiorecordings.com\/wp-content\/uploads\/2023\/06\/4260306181513Produktfotos-1.jpg\" \/>\n\t<meta property=\"og:image:width\" content=\"468\" \/>\n\t<meta property=\"og:image:height\" content=\"296\" \/>\n\t<meta property=\"og:image:type\" content=\"image\/jpeg\" \/>\n<meta name=\"twitter:card\" content=\"summary_large_image\" \/>\n<meta name=\"twitter:site\" content=\"@PArecordings\" \/>\n<meta name=\"twitter:label1\" content=\"Est. reading time\" \/>\n\t<meta name=\"twitter:data1\" content=\"2 minutes\" \/>\n<script type=\"application\/ld+json\" class=\"yoast-schema-graph\">{\"@context\":\"https:\\\/\\\/schema.org\",\"@graph\":[{\"@type\":\"WebPage\",\"@id\":\"https:\\\/\\\/pureaudiorecordings.com\\\/en\\\/product\\\/berliner-philharmoniker-frank-peter-zimmerman-beethoven-%c2%b7-berg-%c2%b7-bartok-violinkonzerte\\\/\",\"url\":\"https:\\\/\\\/pureaudiorecordings.com\\\/en\\\/product\\\/berliner-philharmoniker-frank-peter-zimmerman-beethoven-%c2%b7-berg-%c2%b7-bartok-violinkonzerte\\\/\",\"name\":\"Berliner Philharmoniker & Frank Peter Zimmerman \u2013 Violinkonzerte - Pure Audio Recordings\",\"isPartOf\":{\"@id\":\"https:\\\/\\\/pureaudiorecordings.com\\\/en\\\/#website\"},\"primaryImageOfPage\":{\"@id\":\"https:\\\/\\\/pureaudiorecordings.com\\\/en\\\/product\\\/berliner-philharmoniker-frank-peter-zimmerman-beethoven-%c2%b7-berg-%c2%b7-bartok-violinkonzerte\\\/#primaryimage\"},\"image\":{\"@id\":\"https:\\\/\\\/pureaudiorecordings.com\\\/en\\\/product\\\/berliner-philharmoniker-frank-peter-zimmerman-beethoven-%c2%b7-berg-%c2%b7-bartok-violinkonzerte\\\/#primaryimage\"},\"thumbnailUrl\":\"https:\\\/\\\/pureaudiorecordings.com\\\/wp-content\\\/uploads\\\/2023\\\/06\\\/4260306181513Produktfotos-1.jpg\",\"datePublished\":\"2023-06-02T10:26:24+00:00\",\"dateModified\":\"2024-09-02T16:07:58+00:00\",\"description\":\"On this album, Frank Peter Zimmermann and the Berliner Philharmoniker present the violin concertos by Beethoven, Berg and Bart\u00f3k.\",\"breadcrumb\":{\"@id\":\"https:\\\/\\\/pureaudiorecordings.com\\\/en\\\/product\\\/berliner-philharmoniker-frank-peter-zimmerman-beethoven-%c2%b7-berg-%c2%b7-bartok-violinkonzerte\\\/#breadcrumb\"},\"inLanguage\":\"en-US\",\"potentialAction\":[{\"@type\":\"ReadAction\",\"target\":[\"https:\\\/\\\/pureaudiorecordings.com\\\/en\\\/product\\\/berliner-philharmoniker-frank-peter-zimmerman-beethoven-%c2%b7-berg-%c2%b7-bartok-violinkonzerte\\\/\"]}]},{\"@type\":\"ImageObject\",\"inLanguage\":\"en-US\",\"@id\":\"https:\\\/\\\/pureaudiorecordings.com\\\/en\\\/product\\\/berliner-philharmoniker-frank-peter-zimmerman-beethoven-%c2%b7-berg-%c2%b7-bartok-violinkonzerte\\\/#primaryimage\",\"url\":\"https:\\\/\\\/pureaudiorecordings.com\\\/wp-content\\\/uploads\\\/2023\\\/06\\\/4260306181513Produktfotos-1.jpg\",\"contentUrl\":\"https:\\\/\\\/pureaudiorecordings.com\\\/wp-content\\\/uploads\\\/2023\\\/06\\\/4260306181513Produktfotos-1.jpg\",\"width\":468,\"height\":296},{\"@type\":\"BreadcrumbList\",\"@id\":\"https:\\\/\\\/pureaudiorecordings.com\\\/en\\\/product\\\/berliner-philharmoniker-frank-peter-zimmerman-beethoven-%c2%b7-berg-%c2%b7-bartok-violinkonzerte\\\/#breadcrumb\",\"itemListElement\":[{\"@type\":\"ListItem\",\"position\":1,\"name\":\"Home\",\"item\":\"https:\\\/\\\/pureaudiorecordings.com\\\/en\\\/welcome-to-pure-audio-recordings\\\/\"},{\"@type\":\"ListItem\",\"position\":2,\"name\":\"Shop\",\"item\":\"https:\\\/\\\/pureaudiorecordings.com\\\/shop\\\/\"},{\"@type\":\"ListItem\",\"position\":3,\"name\":\"Berliner Philharmoniker &amp; Frank Peter Zimmerman \u2013 Beethoven \u00b7 Berg \u00b7 Bart\u00f3k: Violin Concertos\"}]},{\"@type\":\"WebSite\",\"@id\":\"https:\\\/\\\/pureaudiorecordings.com\\\/en\\\/#website\",\"url\":\"https:\\\/\\\/pureaudiorecordings.com\\\/en\\\/\",\"name\":\"Pure Audio Recordings\",\"description\":\"Music for people with a preference for physical high definition audio\",\"publisher\":{\"@id\":\"https:\\\/\\\/pureaudiorecordings.com\\\/en\\\/#organization\"},\"potentialAction\":[{\"@type\":\"SearchAction\",\"target\":{\"@type\":\"EntryPoint\",\"urlTemplate\":\"https:\\\/\\\/pureaudiorecordings.com\\\/en\\\/?s={search_term_string}\"},\"query-input\":{\"@type\":\"PropertyValueSpecification\",\"valueRequired\":true,\"valueName\":\"search_term_string\"}}],\"inLanguage\":\"en-US\"},{\"@type\":\"Organization\",\"@id\":\"https:\\\/\\\/pureaudiorecordings.com\\\/en\\\/#organization\",\"name\":\"Pure Audio Recordings\",\"url\":\"https:\\\/\\\/pureaudiorecordings.com\\\/en\\\/\",\"logo\":{\"@type\":\"ImageObject\",\"inLanguage\":\"en-US\",\"@id\":\"https:\\\/\\\/pureaudiorecordings.com\\\/en\\\/#\\\/schema\\\/logo\\\/image\\\/\",\"url\":\"https:\\\/\\\/pureaudiorecordings.com\\\/wp-content\\\/uploads\\\/2019\\\/01\\\/parec_logo_black-e1552581402778.png\",\"contentUrl\":\"https:\\\/\\\/pureaudiorecordings.com\\\/wp-content\\\/uploads\\\/2019\\\/01\\\/parec_logo_black-e1552581402778.png\",\"width\":110,\"height\":67,\"caption\":\"Pure Audio Recordings\"},\"image\":{\"@id\":\"https:\\\/\\\/pureaudiorecordings.com\\\/en\\\/#\\\/schema\\\/logo\\\/image\\\/\"},\"sameAs\":[\"https:\\\/\\\/www.facebook.com\\\/pureaudiorecordings\\\/\",\"https:\\\/\\\/x.com\\\/PArecordings\"]}]}<\/script>\n<!-- \/ Yoast SEO plugin. -->","yoast_head_json":{"title":"Berliner Philharmoniker & Frank Peter Zimmerman \u2013 Violinkonzerte - Pure Audio Recordings","description":"On this album, Frank Peter Zimmermann and the Berliner Philharmoniker present the violin concertos by Beethoven, Berg and Bart\u00f3k.","robots":{"index":"index","follow":"follow","max-snippet":"max-snippet:-1","max-image-preview":"max-image-preview:large","max-video-preview":"max-video-preview:-1"},"canonical":"https:\/\/pureaudiorecordings.com\/en\/product\/berliner-philharmoniker-frank-peter-zimmerman-beethoven-%c2%b7-berg-%c2%b7-bartok-violinkonzerte\/","og_locale":"en_US","og_type":"article","og_title":"Berliner Philharmoniker & Frank Peter Zimmerman \u2013 Violinkonzerte - Pure Audio Recordings","og_description":"On this album, Frank Peter Zimmermann and the Berliner Philharmoniker present the violin concertos by Beethoven, Berg and Bart\u00f3k.","og_url":"https:\/\/pureaudiorecordings.com\/en\/product\/berliner-philharmoniker-frank-peter-zimmerman-beethoven-%c2%b7-berg-%c2%b7-bartok-violinkonzerte\/","og_site_name":"Pure Audio Recordings","article_publisher":"https:\/\/www.facebook.com\/pureaudiorecordings\/","article_modified_time":"2024-09-02T16:07:58+00:00","og_image":[{"width":468,"height":296,"url":"https:\/\/pureaudiorecordings.com\/wp-content\/uploads\/2023\/06\/4260306181513Produktfotos-1.jpg","type":"image\/jpeg"}],"twitter_card":"summary_large_image","twitter_site":"@PArecordings","twitter_misc":{"Est. reading time":"2 minutes"},"schema":{"@context":"https:\/\/schema.org","@graph":[{"@type":"WebPage","@id":"https:\/\/pureaudiorecordings.com\/en\/product\/berliner-philharmoniker-frank-peter-zimmerman-beethoven-%c2%b7-berg-%c2%b7-bartok-violinkonzerte\/","url":"https:\/\/pureaudiorecordings.com\/en\/product\/berliner-philharmoniker-frank-peter-zimmerman-beethoven-%c2%b7-berg-%c2%b7-bartok-violinkonzerte\/","name":"Berliner Philharmoniker & Frank Peter Zimmerman \u2013 Violinkonzerte - Pure Audio Recordings","isPartOf":{"@id":"https:\/\/pureaudiorecordings.com\/en\/#website"},"primaryImageOfPage":{"@id":"https:\/\/pureaudiorecordings.com\/en\/product\/berliner-philharmoniker-frank-peter-zimmerman-beethoven-%c2%b7-berg-%c2%b7-bartok-violinkonzerte\/#primaryimage"},"image":{"@id":"https:\/\/pureaudiorecordings.com\/en\/product\/berliner-philharmoniker-frank-peter-zimmerman-beethoven-%c2%b7-berg-%c2%b7-bartok-violinkonzerte\/#primaryimage"},"thumbnailUrl":"https:\/\/pureaudiorecordings.com\/wp-content\/uploads\/2023\/06\/4260306181513Produktfotos-1.jpg","datePublished":"2023-06-02T10:26:24+00:00","dateModified":"2024-09-02T16:07:58+00:00","description":"On this album, Frank Peter Zimmermann and the Berliner Philharmoniker present the violin concertos by Beethoven, Berg and Bart\u00f3k.","breadcrumb":{"@id":"https:\/\/pureaudiorecordings.com\/en\/product\/berliner-philharmoniker-frank-peter-zimmerman-beethoven-%c2%b7-berg-%c2%b7-bartok-violinkonzerte\/#breadcrumb"},"inLanguage":"en-US","potentialAction":[{"@type":"ReadAction","target":["https:\/\/pureaudiorecordings.com\/en\/product\/berliner-philharmoniker-frank-peter-zimmerman-beethoven-%c2%b7-berg-%c2%b7-bartok-violinkonzerte\/"]}]},{"@type":"ImageObject","inLanguage":"en-US","@id":"https:\/\/pureaudiorecordings.com\/en\/product\/berliner-philharmoniker-frank-peter-zimmerman-beethoven-%c2%b7-berg-%c2%b7-bartok-violinkonzerte\/#primaryimage","url":"https:\/\/pureaudiorecordings.com\/wp-content\/uploads\/2023\/06\/4260306181513Produktfotos-1.jpg","contentUrl":"https:\/\/pureaudiorecordings.com\/wp-content\/uploads\/2023\/06\/4260306181513Produktfotos-1.jpg","width":468,"height":296},{"@type":"BreadcrumbList","@id":"https:\/\/pureaudiorecordings.com\/en\/product\/berliner-philharmoniker-frank-peter-zimmerman-beethoven-%c2%b7-berg-%c2%b7-bartok-violinkonzerte\/#breadcrumb","itemListElement":[{"@type":"ListItem","position":1,"name":"Home","item":"https:\/\/pureaudiorecordings.com\/en\/welcome-to-pure-audio-recordings\/"},{"@type":"ListItem","position":2,"name":"Shop","item":"https:\/\/pureaudiorecordings.com\/shop\/"},{"@type":"ListItem","position":3,"name":"Berliner Philharmoniker &amp; Frank Peter Zimmerman \u2013 Beethoven \u00b7 Berg \u00b7 Bart\u00f3k: Violin Concertos"}]},{"@type":"WebSite","@id":"https:\/\/pureaudiorecordings.com\/en\/#website","url":"https:\/\/pureaudiorecordings.com\/en\/","name":"Pure Audio Recordings","description":"Music for people with a preference for physical high definition audio","publisher":{"@id":"https:\/\/pureaudiorecordings.com\/en\/#organization"},"potentialAction":[{"@type":"SearchAction","target":{"@type":"EntryPoint","urlTemplate":"https:\/\/pureaudiorecordings.com\/en\/?s={search_term_string}"},"query-input":{"@type":"PropertyValueSpecification","valueRequired":true,"valueName":"search_term_string"}}],"inLanguage":"en-US"},{"@type":"Organization","@id":"https:\/\/pureaudiorecordings.com\/en\/#organization","name":"Pure Audio Recordings","url":"https:\/\/pureaudiorecordings.com\/en\/","logo":{"@type":"ImageObject","inLanguage":"en-US","@id":"https:\/\/pureaudiorecordings.com\/en\/#\/schema\/logo\/image\/","url":"https:\/\/pureaudiorecordings.com\/wp-content\/uploads\/2019\/01\/parec_logo_black-e1552581402778.png","contentUrl":"https:\/\/pureaudiorecordings.com\/wp-content\/uploads\/2019\/01\/parec_logo_black-e1552581402778.png","width":110,"height":67,"caption":"Pure Audio Recordings"},"image":{"@id":"https:\/\/pureaudiorecordings.com\/en\/#\/schema\/logo\/image\/"},"sameAs":["https:\/\/www.facebook.com\/pureaudiorecordings\/","https:\/\/x.com\/PArecordings"]}]}},"_links":{"self":[{"href":"https:\/\/pureaudiorecordings.com\/en\/wp-json\/wp\/v2\/product\/18640","targetHints":{"allow":["GET"]}}],"collection":[{"href":"https:\/\/pureaudiorecordings.com\/en\/wp-json\/wp\/v2\/product"}],"about":[{"href":"https:\/\/pureaudiorecordings.com\/en\/wp-json\/wp\/v2\/types\/product"}],"version-history":[{"count":1,"href":"https:\/\/pureaudiorecordings.com\/en\/wp-json\/wp\/v2\/product\/18640\/revisions"}],"predecessor-version":[{"id":22883,"href":"https:\/\/pureaudiorecordings.com\/en\/wp-json\/wp\/v2\/product\/18640\/revisions\/22883"}],"wp:featuredmedia":[{"embeddable":true,"href":"https:\/\/pureaudiorecordings.com\/en\/wp-json\/wp\/v2\/media\/18635"}],"wp:attachment":[{"href":"https:\/\/pureaudiorecordings.com\/en\/wp-json\/wp\/v2\/media?parent=18640"}],"wp:term":[{"taxonomy":"product_brand","embeddable":true,"href":"https:\/\/pureaudiorecordings.com\/en\/wp-json\/wp\/v2\/product_brand?post=18640"},{"taxonomy":"product_cat","embeddable":true,"href":"https:\/\/pureaudiorecordings.com\/en\/wp-json\/wp\/v2\/product_cat?post=18640"},{"taxonomy":"product_tag","embeddable":true,"href":"https:\/\/pureaudiorecordings.com\/en\/wp-json\/wp\/v2\/product_tag?post=18640"},{"taxonomy":"product-type","embeddable":true,"href":"https:\/\/pureaudiorecordings.com\/en\/wp-json\/wp\/v2\/product-type?post=18640"},{"taxonomy":"specials","embeddable":true,"href":"https:\/\/pureaudiorecordings.com\/en\/wp-json\/wp\/v2\/specials?post=18640"},{"taxonomy":"audio-formats","embeddable":true,"href":"https:\/\/pureaudiorecordings.com\/en\/wp-json\/wp\/v2\/audio-formats?post=18640"},{"taxonomy":"additional-disc","embeddable":true,"href":"https:\/\/pureaudiorecordings.com\/en\/wp-json\/wp\/v2\/additional-disc?post=18640"},{"taxonomy":"recorded-in","embeddable":true,"href":"https:\/\/pureaudiorecordings.com\/en\/wp-json\/wp\/v2\/recorded-in?post=18640"},{"taxonomy":"mshuttle","embeddable":true,"href":"https:\/\/pureaudiorecordings.com\/en\/wp-json\/wp\/v2\/mshuttle?post=18640"},{"taxonomy":"label","embeddable":true,"href":"https:\/\/pureaudiorecordings.com\/en\/wp-json\/wp\/v2\/label?post=18640"}],"curies":[{"name":"wp","href":"https:\/\/api.w.org\/{rel}","templated":true}]}}