{"id":14764,"date":"2021-11-30T13:32:22","date_gmt":"2021-11-30T12:32:22","guid":{"rendered":"https:\/\/pureaudiorecordings.com\/product\/mister-moto-the-j-b-experience\/"},"modified":"2024-06-20T21:25:31","modified_gmt":"2024-06-20T19:25:31","slug":"mister-moto-the-j-b-experience-2","status":"publish","type":"product","link":"https:\/\/pureaudiorecordings.com\/en\/product\/mister-moto-the-j-b-experience-2\/","title":{"rendered":"Mister Moto \u2013 The J.B. Experience"},"content":{"rendered":"<p>The album of Mister Moto produced by Arne Neurand (among others Revolverheld, Guano Apes) is now released as studio and home edition. This marks the first time the powerful rock album has been released on CD and Blu-ray Audio. The Pure Audio Blu-ray of this edition includes the new immersive mix in Dolby Atmos and Auro 3-D in addition to a stereo track. All packaged in a high quality digi-pack limited to 5,000 copies.<\/p>\n<p>Mister Moto has always sounded big. The songs have an electrifying energy and epic ambition reminiscent of great stadium rock like Muse, Guns N&#8217;Roses or Bon Jovi. Made for an immersive sound format like Dolby Atmos or Auro 3-D, which push to fill the whole room and carry the listeners along!<\/p>\n<p>The album &#8220;The J.B. Experience&#8221; was remixed at MSM Studios in Munich, making the already diverse record even more dynamic. The soulful ballads get under your skin, the powerful rock numbers push forward and electronic elements provide that certain something. A fat guitar sound characterizes the basic mood of the album, in addition there are driving beats as you rarely hear them, and this concise voice of the singer and band founder, the German-Canadian Tomson, impresses. The result is an album whose melodies and anthems are captivating from the first to the last track and stay in your head.<\/p>\n<p>In addition to the immersive mixes, the Blu-ray also includes a new stereo track. Using the m-shuttle function, the album can be transferred to the computer as a wave or binaural file to enjoy all the songs in stereo or 3-D on your mobile friends.<\/p>\n<div class=\"shariff shariff-align-flex-start shariff-widget-align-flex-start\"><ul class=\"shariff-buttons theme-round orientation-horizontal buttonsize-medium\"><li class=\"shariff-button facebook shariff-nocustomcolor\" style=\"background-color:#4273c8;border-radius:50%\"><a href=\"https:\/\/www.facebook.com\/sharer\/sharer.php?u=https%3A%2F%2Fpureaudiorecordings.com%2Fen%2Fproduct%2Fmister-moto-the-j-b-experience-2%2F\" title=\"Share on Facebook\" aria-label=\"Share on Facebook\" role=\"button\" rel=\"nofollow\" class=\"shariff-link\" style=\";border-radius:50%; background-color:#3b5998; color:#fff\" target=\"_blank\"><span class=\"shariff-icon\" style=\"\"><svg width=\"32px\" height=\"20px\" xmlns=\"http:\/\/www.w3.org\/2000\/svg\" viewBox=\"0 0 18 32\"><path fill=\"#3b5998\" d=\"M17.1 0.2v4.7h-2.8q-1.5 0-2.1 0.6t-0.5 1.9v3.4h5.2l-0.7 5.3h-4.5v13.6h-5.5v-13.6h-4.5v-5.3h4.5v-3.9q0-3.3 1.9-5.2t5-1.8q2.6 0 4.1 0.2z\"\/><\/svg><\/span><\/a><\/li><li class=\"shariff-button twitter shariff-nocustomcolor\" style=\"background-color:#595959;border-radius:50%\"><a href=\"https:\/\/twitter.com\/share?url=https%3A%2F%2Fpureaudiorecordings.com%2Fen%2Fproduct%2Fmister-moto-the-j-b-experience-2%2F&text=Mister%20Moto%20%E2%80%93%20The%20J.B.%20Experience\" title=\"Share on X\" aria-label=\"Share on X\" role=\"button\" rel=\"noopener nofollow\" class=\"shariff-link\" style=\";border-radius:50%; background-color:#000; color:#fff\" target=\"_blank\"><span class=\"shariff-icon\" style=\"\"><svg width=\"32px\" height=\"20px\" xmlns=\"http:\/\/www.w3.org\/2000\/svg\" viewBox=\"0 0 24 24\"><path fill=\"#000\" d=\"M14.258 10.152L23.176 0h-2.113l-7.747 8.813L7.133 0H0l9.352 13.328L0 23.973h2.113l8.176-9.309 6.531 9.309h7.133zm-2.895 3.293l-.949-1.328L2.875 1.56h3.246l6.086 8.523.945 1.328 7.91 11.078h-3.246zm0 0\"\/><\/svg><\/span><\/a><\/li><li class=\"shariff-button reddit shariff-nocustomcolor\" style=\"background-color:#ff5700;border-radius:50%\"><a href=\"https:\/\/www.reddit.com\/submit?url=https%3A%2F%2Fpureaudiorecordings.com%2Fen%2Fproduct%2Fmister-moto-the-j-b-experience-2%2F\" title=\"Share on Reddit\" aria-label=\"Share on Reddit\" role=\"button\" rel=\"noopener nofollow\" class=\"shariff-link\" style=\";border-radius:50%; background-color:#ff4500; color:#fff\" target=\"_blank\"><span class=\"shariff-icon\" style=\"\"><svg xmlns=\"http:\/\/www.w3.org\/2000\/svg\" viewBox=\"0 0 512 512\"><path fill=\"#ff4500\" d=\"M440.3 203.5c-15 0-28.2 6.2-37.9 15.9-35.7-24.7-83.8-40.6-137.1-42.3L293 52.3l88.2 19.8c0 21.6 17.6 39.2 39.2 39.2 22 0 39.7-18.1 39.7-39.7s-17.6-39.7-39.7-39.7c-15.4 0-28.7 9.3-35.3 22l-97.4-21.6c-4.9-1.3-9.7 2.2-11 7.1L246.3 177c-52.9 2.2-100.5 18.1-136.3 42.8-9.7-10.1-23.4-16.3-38.4-16.3-55.6 0-73.8 74.6-22.9 100.1-1.8 7.9-2.6 16.3-2.6 24.7 0 83.8 94.4 151.7 210.3 151.7 116.4 0 210.8-67.9 210.8-151.7 0-8.4-.9-17.2-3.1-25.1 49.9-25.6 31.5-99.7-23.8-99.7zM129.4 308.9c0-22 17.6-39.7 39.7-39.7 21.6 0 39.2 17.6 39.2 39.7 0 21.6-17.6 39.2-39.2 39.2-22 .1-39.7-17.6-39.7-39.2zm214.3 93.5c-36.4 36.4-139.1 36.4-175.5 0-4-3.5-4-9.7 0-13.7 3.5-3.5 9.7-3.5 13.2 0 27.8 28.5 120 29 149 0 3.5-3.5 9.7-3.5 13.2 0 4.1 4 4.1 10.2.1 13.7zm-.8-54.2c-21.6 0-39.2-17.6-39.2-39.2 0-22 17.6-39.7 39.2-39.7 22 0 39.7 17.6 39.7 39.7-.1 21.5-17.7 39.2-39.7 39.2z\"\/><\/svg><\/span><\/a><\/li><li class=\"shariff-button mailto shariff-nocustomcolor\" style=\"background-color:#a8a8a8;border-radius:50%\"><a href=\"mailto:?body=https%3A%2F%2Fpureaudiorecordings.com%2Fen%2Fproduct%2Fmister-moto-the-j-b-experience-2%2F&subject=Mister%20Moto%20%E2%80%93%20The%20J.B.%20Experience\" title=\"Send by email\" aria-label=\"Send by email\" role=\"button\" rel=\"noopener nofollow\" class=\"shariff-link\" style=\";border-radius:50%; background-color:#999; color:#fff\"><span class=\"shariff-icon\" style=\"\"><svg width=\"32px\" height=\"20px\" xmlns=\"http:\/\/www.w3.org\/2000\/svg\" viewBox=\"0 0 32 32\"><path fill=\"#999\" d=\"M32 12.7v14.2q0 1.2-0.8 2t-2 0.9h-26.3q-1.2 0-2-0.9t-0.8-2v-14.2q0.8 0.9 1.8 1.6 6.5 4.4 8.9 6.1 1 0.8 1.6 1.2t1.7 0.9 2 0.4h0.1q0.9 0 2-0.4t1.7-0.9 1.6-1.2q3-2.2 8.9-6.1 1-0.7 1.8-1.6zM32 7.4q0 1.4-0.9 2.7t-2.2 2.2q-6.7 4.7-8.4 5.8-0.2 0.1-0.7 0.5t-1 0.7-0.9 0.6-1.1 0.5-0.9 0.2h-0.1q-0.4 0-0.9-0.2t-1.1-0.5-0.9-0.6-1-0.7-0.7-0.5q-1.6-1.1-4.7-3.2t-3.6-2.6q-1.1-0.7-2.1-2t-1-2.5q0-1.4 0.7-2.3t2.1-0.9h26.3q1.2 0 2 0.8t0.9 2z\"\/><\/svg><\/span><\/a><\/li><li class=\"shariff-button rss shariff-nocustomcolor\" style=\"background-color:#ff8c00;border-radius:50%\"><a href=\"https:\/\/pureaudiorecordings.com\/en\/feed\/rss\/\" title=\"RSS feed\" aria-label=\"RSS feed\" role=\"button\" class=\"shariff-link\" style=\";border-radius:50%; background-color:#fe9312; color:#fff\" target=\"_blank\"><span class=\"shariff-icon\" style=\"\"><svg width=\"32px\" height=\"20px\" xmlns=\"http:\/\/www.w3.org\/2000\/svg\" viewBox=\"0 0 32 32\"><path fill=\"#fe9312\" d=\"M4.3 23.5c-2.3 0-4.3 1.9-4.3 4.3 0 2.3 1.9 4.2 4.3 4.2 2.4 0 4.3-1.9 4.3-4.2 0-2.3-1.9-4.3-4.3-4.3zM0 10.9v6.1c4 0 7.7 1.6 10.6 4.4 2.8 2.8 4.4 6.6 4.4 10.6h6.2c0-11.7-9.5-21.1-21.1-21.1zM0 0v6.1c14.2 0 25.8 11.6 25.8 25.9h6.2c0-17.6-14.4-32-32-32z\"\/><\/svg><\/span><\/a><\/li><\/ul><\/div>","protected":false},"excerpt":{"rendered":"<p>The album of Mister Moto produced by Arne Neurand (among others Revolverheld, Guano Apes) is now released as studio and home edition. This marks the first time the powerful rock album has been released on CD and Blu-ray Audio. The Pure Audio Blu-ray of this edition includes the new immersive mix in Dolby Atmos and [&hellip;]<\/p>\n","protected":false},"featured_media":16959,"template":"","meta":{"_acf_changed":false},"product_brand":[],"product_cat":[899,124,59],"product_tag":[407,204,191,85],"product-type":[402],"specials":[],"audio-formats":[129,132,131,130],"additional-disc":[112],"recorded-in":[115],"mshuttle":[81,80,78],"label":[400],"class_list":{"0":"post-14764","1":"product","2":"type-product","3":"status-publish","4":"has-post-thumbnail","6":"product_cat-rock","7":"product_cat-alternative","8":"product_cat-rock-3","9":"product_tag-pabd","10":"product_tag-auro","11":"product_tag-atmos","12":"product_tag-prime-audio-records","13":"product-type-pure-audio-blu-ray","14":"audio-formats-dolby-atmos-filter-tag","15":"audio-formats-stereo","16":"audio-formats-surround-sound","17":"audio-formats-auro-3d-filter-tag","18":"additional-disc-cd-audio","19":"recorded-in-24bit-48khz","20":"mshuttle-3d-binaural","21":"mshuttle-flac","22":"mshuttle-mp3","23":"label-prime-audio-records","25":"first","26":"outofstock","27":"taxable","28":"shipping-taxable","29":"purchasable","30":"product-type-simple"},"acf":[],"yoast_head":"<!-- This site is optimized with the Yoast SEO plugin v27.3 - https:\/\/yoast.com\/product\/yoast-seo-wordpress\/ -->\n<title>Mister Moto \u2013 The J.B. Experience - Pure Audio Recordings<\/title>\n<meta name=\"description\" content=\"Mister Moto has always sounded big. The songs have an electrifying energy and epic ambition reminiscent of great stadium rock like Muse, Guns N&#039;Roses or Bon Jovi. Made for an immersive sound format like Dolby Atmos or Auro 3-D, which push to fill the whole room and carry the listeners along!\" \/>\n<meta name=\"robots\" content=\"index, follow, max-snippet:-1, max-image-preview:large, max-video-preview:-1\" \/>\n<link rel=\"canonical\" href=\"https:\/\/pureaudiorecordings.com\/en\/product\/mister-moto-the-j-b-experience-2\/\" \/>\n<meta property=\"og:locale\" content=\"en_US\" \/>\n<meta property=\"og:type\" content=\"article\" \/>\n<meta property=\"og:title\" content=\"Mister Moto \u2013 The J.B. Experience - Pure Audio Recordings\" \/>\n<meta property=\"og:description\" content=\"Mister Moto klang schon immer gro\u00df. Die Songs haben eine elektrisierende Energie und einen epischen Anspruch, der an gro\u00dfen Stadionrock wie Muse, Guns N\u00b4Roses oder Bon Jovi erinnert. Wie gemacht f\u00fcr ein immersive Soundformat wie Dolby Atmos oder Auro 3-D, die darauf dr\u00e4ngen den ganzen Raum zu f\u00fcllen und die Zuh\u00f6rer mitzurei\u00dfen!\" \/>\n<meta property=\"og:url\" content=\"https:\/\/pureaudiorecordings.com\/en\/product\/mister-moto-the-j-b-experience-2\/\" \/>\n<meta property=\"og:site_name\" content=\"Pure Audio Recordings\" \/>\n<meta property=\"article:publisher\" content=\"https:\/\/www.facebook.com\/pureaudiorecordings\/\" \/>\n<meta property=\"article:modified_time\" content=\"2024-06-20T19:25:31+00:00\" \/>\n<meta property=\"og:image\" content=\"https:\/\/pureaudiorecordings.com\/wp-content\/uploads\/2022\/03\/695961550727_Mister_Moto_TJBE_Digipack_Cover_1_1-300x300.jpg\" \/>\n<meta name=\"twitter:card\" content=\"summary_large_image\" \/>\n<meta name=\"twitter:site\" content=\"@PArecordings\" \/>\n<meta name=\"twitter:label1\" content=\"Est. reading time\" \/>\n\t<meta name=\"twitter:data1\" content=\"1 minute\" \/>\n<script type=\"application\/ld+json\" class=\"yoast-schema-graph\">{\"@context\":\"https:\\\/\\\/schema.org\",\"@graph\":[{\"@type\":\"WebPage\",\"@id\":\"https:\\\/\\\/pureaudiorecordings.com\\\/en\\\/product\\\/mister-moto-the-j-b-experience-2\\\/\",\"url\":\"https:\\\/\\\/pureaudiorecordings.com\\\/en\\\/product\\\/mister-moto-the-j-b-experience-2\\\/\",\"name\":\"Mister Moto \u2013 The J.B. Experience - Pure Audio Recordings\",\"isPartOf\":{\"@id\":\"https:\\\/\\\/pureaudiorecordings.com\\\/en\\\/#website\"},\"primaryImageOfPage\":{\"@id\":\"https:\\\/\\\/pureaudiorecordings.com\\\/en\\\/product\\\/mister-moto-the-j-b-experience-2\\\/#primaryimage\"},\"image\":{\"@id\":\"https:\\\/\\\/pureaudiorecordings.com\\\/en\\\/product\\\/mister-moto-the-j-b-experience-2\\\/#primaryimage\"},\"thumbnailUrl\":\"https:\\\/\\\/pureaudiorecordings.com\\\/wp-content\\\/uploads\\\/2021\\\/11\\\/695961550727_Mister_Moto_TJBE_Digipack_Cover-845x1024-1.jpg\",\"datePublished\":\"2021-11-30T12:32:22+00:00\",\"dateModified\":\"2024-06-20T19:25:31+00:00\",\"description\":\"Mister Moto has always sounded big. The songs have an electrifying energy and epic ambition reminiscent of great stadium rock like Muse, Guns N'Roses or Bon Jovi. Made for an immersive sound format like Dolby Atmos or Auro 3-D, which push to fill the whole room and carry the listeners along!\",\"breadcrumb\":{\"@id\":\"https:\\\/\\\/pureaudiorecordings.com\\\/en\\\/product\\\/mister-moto-the-j-b-experience-2\\\/#breadcrumb\"},\"inLanguage\":\"en-US\",\"potentialAction\":[{\"@type\":\"ReadAction\",\"target\":[\"https:\\\/\\\/pureaudiorecordings.com\\\/en\\\/product\\\/mister-moto-the-j-b-experience-2\\\/\"]}]},{\"@type\":\"ImageObject\",\"inLanguage\":\"en-US\",\"@id\":\"https:\\\/\\\/pureaudiorecordings.com\\\/en\\\/product\\\/mister-moto-the-j-b-experience-2\\\/#primaryimage\",\"url\":\"https:\\\/\\\/pureaudiorecordings.com\\\/wp-content\\\/uploads\\\/2021\\\/11\\\/695961550727_Mister_Moto_TJBE_Digipack_Cover-845x1024-1.jpg\",\"contentUrl\":\"https:\\\/\\\/pureaudiorecordings.com\\\/wp-content\\\/uploads\\\/2021\\\/11\\\/695961550727_Mister_Moto_TJBE_Digipack_Cover-845x1024-1.jpg\",\"width\":845,\"height\":1024},{\"@type\":\"BreadcrumbList\",\"@id\":\"https:\\\/\\\/pureaudiorecordings.com\\\/en\\\/product\\\/mister-moto-the-j-b-experience-2\\\/#breadcrumb\",\"itemListElement\":[{\"@type\":\"ListItem\",\"position\":1,\"name\":\"Home\",\"item\":\"https:\\\/\\\/pureaudiorecordings.com\\\/en\\\/welcome-to-pure-audio-recordings\\\/\"},{\"@type\":\"ListItem\",\"position\":2,\"name\":\"Shop\",\"item\":\"https:\\\/\\\/pureaudiorecordings.com\\\/shop\\\/\"},{\"@type\":\"ListItem\",\"position\":3,\"name\":\"Mister Moto \u2013 The J.B. Experience\"}]},{\"@type\":\"WebSite\",\"@id\":\"https:\\\/\\\/pureaudiorecordings.com\\\/en\\\/#website\",\"url\":\"https:\\\/\\\/pureaudiorecordings.com\\\/en\\\/\",\"name\":\"Pure Audio Recordings\",\"description\":\"Music for people with a preference for physical high definition audio\",\"publisher\":{\"@id\":\"https:\\\/\\\/pureaudiorecordings.com\\\/en\\\/#organization\"},\"potentialAction\":[{\"@type\":\"SearchAction\",\"target\":{\"@type\":\"EntryPoint\",\"urlTemplate\":\"https:\\\/\\\/pureaudiorecordings.com\\\/en\\\/?s={search_term_string}\"},\"query-input\":{\"@type\":\"PropertyValueSpecification\",\"valueRequired\":true,\"valueName\":\"search_term_string\"}}],\"inLanguage\":\"en-US\"},{\"@type\":\"Organization\",\"@id\":\"https:\\\/\\\/pureaudiorecordings.com\\\/en\\\/#organization\",\"name\":\"Pure Audio Recordings\",\"url\":\"https:\\\/\\\/pureaudiorecordings.com\\\/en\\\/\",\"logo\":{\"@type\":\"ImageObject\",\"inLanguage\":\"en-US\",\"@id\":\"https:\\\/\\\/pureaudiorecordings.com\\\/en\\\/#\\\/schema\\\/logo\\\/image\\\/\",\"url\":\"https:\\\/\\\/pureaudiorecordings.com\\\/wp-content\\\/uploads\\\/2019\\\/01\\\/parec_logo_black-e1552581402778.png\",\"contentUrl\":\"https:\\\/\\\/pureaudiorecordings.com\\\/wp-content\\\/uploads\\\/2019\\\/01\\\/parec_logo_black-e1552581402778.png\",\"width\":110,\"height\":67,\"caption\":\"Pure Audio Recordings\"},\"image\":{\"@id\":\"https:\\\/\\\/pureaudiorecordings.com\\\/en\\\/#\\\/schema\\\/logo\\\/image\\\/\"},\"sameAs\":[\"https:\\\/\\\/www.facebook.com\\\/pureaudiorecordings\\\/\",\"https:\\\/\\\/x.com\\\/PArecordings\"]}]}<\/script>\n<!-- \/ Yoast SEO plugin. -->","yoast_head_json":{"title":"Mister Moto \u2013 The J.B. Experience - Pure Audio Recordings","description":"Mister Moto has always sounded big. The songs have an electrifying energy and epic ambition reminiscent of great stadium rock like Muse, Guns N'Roses or Bon Jovi. Made for an immersive sound format like Dolby Atmos or Auro 3-D, which push to fill the whole room and carry the listeners along!","robots":{"index":"index","follow":"follow","max-snippet":"max-snippet:-1","max-image-preview":"max-image-preview:large","max-video-preview":"max-video-preview:-1"},"canonical":"https:\/\/pureaudiorecordings.com\/en\/product\/mister-moto-the-j-b-experience-2\/","og_locale":"en_US","og_type":"article","og_title":"Mister Moto \u2013 The J.B. Experience - Pure Audio Recordings","og_description":"Mister Moto klang schon immer gro\u00df. Die Songs haben eine elektrisierende Energie und einen epischen Anspruch, der an gro\u00dfen Stadionrock wie Muse, Guns N\u00b4Roses oder Bon Jovi erinnert. Wie gemacht f\u00fcr ein immersive Soundformat wie Dolby Atmos oder Auro 3-D, die darauf dr\u00e4ngen den ganzen Raum zu f\u00fcllen und die Zuh\u00f6rer mitzurei\u00dfen!","og_url":"https:\/\/pureaudiorecordings.com\/en\/product\/mister-moto-the-j-b-experience-2\/","og_site_name":"Pure Audio Recordings","article_publisher":"https:\/\/www.facebook.com\/pureaudiorecordings\/","article_modified_time":"2024-06-20T19:25:31+00:00","og_image":[{"url":"https:\/\/pureaudiorecordings.com\/wp-content\/uploads\/2022\/03\/695961550727_Mister_Moto_TJBE_Digipack_Cover_1_1-300x300.jpg","type":"","width":"","height":""}],"twitter_card":"summary_large_image","twitter_site":"@PArecordings","twitter_misc":{"Est. reading time":"1 minute"},"schema":{"@context":"https:\/\/schema.org","@graph":[{"@type":"WebPage","@id":"https:\/\/pureaudiorecordings.com\/en\/product\/mister-moto-the-j-b-experience-2\/","url":"https:\/\/pureaudiorecordings.com\/en\/product\/mister-moto-the-j-b-experience-2\/","name":"Mister Moto \u2013 The J.B. Experience - Pure Audio Recordings","isPartOf":{"@id":"https:\/\/pureaudiorecordings.com\/en\/#website"},"primaryImageOfPage":{"@id":"https:\/\/pureaudiorecordings.com\/en\/product\/mister-moto-the-j-b-experience-2\/#primaryimage"},"image":{"@id":"https:\/\/pureaudiorecordings.com\/en\/product\/mister-moto-the-j-b-experience-2\/#primaryimage"},"thumbnailUrl":"https:\/\/pureaudiorecordings.com\/wp-content\/uploads\/2021\/11\/695961550727_Mister_Moto_TJBE_Digipack_Cover-845x1024-1.jpg","datePublished":"2021-11-30T12:32:22+00:00","dateModified":"2024-06-20T19:25:31+00:00","description":"Mister Moto has always sounded big. The songs have an electrifying energy and epic ambition reminiscent of great stadium rock like Muse, Guns N'Roses or Bon Jovi. Made for an immersive sound format like Dolby Atmos or Auro 3-D, which push to fill the whole room and carry the listeners along!","breadcrumb":{"@id":"https:\/\/pureaudiorecordings.com\/en\/product\/mister-moto-the-j-b-experience-2\/#breadcrumb"},"inLanguage":"en-US","potentialAction":[{"@type":"ReadAction","target":["https:\/\/pureaudiorecordings.com\/en\/product\/mister-moto-the-j-b-experience-2\/"]}]},{"@type":"ImageObject","inLanguage":"en-US","@id":"https:\/\/pureaudiorecordings.com\/en\/product\/mister-moto-the-j-b-experience-2\/#primaryimage","url":"https:\/\/pureaudiorecordings.com\/wp-content\/uploads\/2021\/11\/695961550727_Mister_Moto_TJBE_Digipack_Cover-845x1024-1.jpg","contentUrl":"https:\/\/pureaudiorecordings.com\/wp-content\/uploads\/2021\/11\/695961550727_Mister_Moto_TJBE_Digipack_Cover-845x1024-1.jpg","width":845,"height":1024},{"@type":"BreadcrumbList","@id":"https:\/\/pureaudiorecordings.com\/en\/product\/mister-moto-the-j-b-experience-2\/#breadcrumb","itemListElement":[{"@type":"ListItem","position":1,"name":"Home","item":"https:\/\/pureaudiorecordings.com\/en\/welcome-to-pure-audio-recordings\/"},{"@type":"ListItem","position":2,"name":"Shop","item":"https:\/\/pureaudiorecordings.com\/shop\/"},{"@type":"ListItem","position":3,"name":"Mister Moto \u2013 The J.B. Experience"}]},{"@type":"WebSite","@id":"https:\/\/pureaudiorecordings.com\/en\/#website","url":"https:\/\/pureaudiorecordings.com\/en\/","name":"Pure Audio Recordings","description":"Music for people with a preference for physical high definition audio","publisher":{"@id":"https:\/\/pureaudiorecordings.com\/en\/#organization"},"potentialAction":[{"@type":"SearchAction","target":{"@type":"EntryPoint","urlTemplate":"https:\/\/pureaudiorecordings.com\/en\/?s={search_term_string}"},"query-input":{"@type":"PropertyValueSpecification","valueRequired":true,"valueName":"search_term_string"}}],"inLanguage":"en-US"},{"@type":"Organization","@id":"https:\/\/pureaudiorecordings.com\/en\/#organization","name":"Pure Audio Recordings","url":"https:\/\/pureaudiorecordings.com\/en\/","logo":{"@type":"ImageObject","inLanguage":"en-US","@id":"https:\/\/pureaudiorecordings.com\/en\/#\/schema\/logo\/image\/","url":"https:\/\/pureaudiorecordings.com\/wp-content\/uploads\/2019\/01\/parec_logo_black-e1552581402778.png","contentUrl":"https:\/\/pureaudiorecordings.com\/wp-content\/uploads\/2019\/01\/parec_logo_black-e1552581402778.png","width":110,"height":67,"caption":"Pure Audio Recordings"},"image":{"@id":"https:\/\/pureaudiorecordings.com\/en\/#\/schema\/logo\/image\/"},"sameAs":["https:\/\/www.facebook.com\/pureaudiorecordings\/","https:\/\/x.com\/PArecordings"]}]}},"_links":{"self":[{"href":"https:\/\/pureaudiorecordings.com\/en\/wp-json\/wp\/v2\/product\/14764","targetHints":{"allow":["GET"]}}],"collection":[{"href":"https:\/\/pureaudiorecordings.com\/en\/wp-json\/wp\/v2\/product"}],"about":[{"href":"https:\/\/pureaudiorecordings.com\/en\/wp-json\/wp\/v2\/types\/product"}],"version-history":[{"count":0,"href":"https:\/\/pureaudiorecordings.com\/en\/wp-json\/wp\/v2\/product\/14764\/revisions"}],"wp:featuredmedia":[{"embeddable":true,"href":"https:\/\/pureaudiorecordings.com\/en\/wp-json\/wp\/v2\/media\/16959"}],"wp:attachment":[{"href":"https:\/\/pureaudiorecordings.com\/en\/wp-json\/wp\/v2\/media?parent=14764"}],"wp:term":[{"taxonomy":"product_brand","embeddable":true,"href":"https:\/\/pureaudiorecordings.com\/en\/wp-json\/wp\/v2\/product_brand?post=14764"},{"taxonomy":"product_cat","embeddable":true,"href":"https:\/\/pureaudiorecordings.com\/en\/wp-json\/wp\/v2\/product_cat?post=14764"},{"taxonomy":"product_tag","embeddable":true,"href":"https:\/\/pureaudiorecordings.com\/en\/wp-json\/wp\/v2\/product_tag?post=14764"},{"taxonomy":"product-type","embeddable":true,"href":"https:\/\/pureaudiorecordings.com\/en\/wp-json\/wp\/v2\/product-type?post=14764"},{"taxonomy":"specials","embeddable":true,"href":"https:\/\/pureaudiorecordings.com\/en\/wp-json\/wp\/v2\/specials?post=14764"},{"taxonomy":"audio-formats","embeddable":true,"href":"https:\/\/pureaudiorecordings.com\/en\/wp-json\/wp\/v2\/audio-formats?post=14764"},{"taxonomy":"additional-disc","embeddable":true,"href":"https:\/\/pureaudiorecordings.com\/en\/wp-json\/wp\/v2\/additional-disc?post=14764"},{"taxonomy":"recorded-in","embeddable":true,"href":"https:\/\/pureaudiorecordings.com\/en\/wp-json\/wp\/v2\/recorded-in?post=14764"},{"taxonomy":"mshuttle","embeddable":true,"href":"https:\/\/pureaudiorecordings.com\/en\/wp-json\/wp\/v2\/mshuttle?post=14764"},{"taxonomy":"label","embeddable":true,"href":"https:\/\/pureaudiorecordings.com\/en\/wp-json\/wp\/v2\/label?post=14764"}],"curies":[{"name":"wp","href":"https:\/\/api.w.org\/{rel}","templated":true}]}}