{"id":1052,"date":"2017-03-24T16:46:04","date_gmt":"2017-03-24T15:46:04","guid":{"rendered":"https:\/\/pureaudiorecordings.com\/product\/import-placeholder-for-1320\/"},"modified":"2026-03-16T14:08:56","modified_gmt":"2026-03-16T13:08:56","slug":"acme-thrive-on-routine","status":"publish","type":"product","link":"https:\/\/pureaudiorecordings.com\/en\/product\/acme-thrive-on-routine\/","title":{"rendered":"ACME &#8211; Thrive on Routine"},"content":{"rendered":"<p>In many ways, this album represents the debut recording of ACME, Thrive on Routine. The collection of pieces here was chosen for very pure and simple reasons; each work is a piece we love and to which we feel quite intimately connected. The performance of this music is an expression of affection and closeness, not just to each other as performers, but also to the composer who wrote it. Three of the four composers featured are also performers in ACME. It is music that feels very close.<\/p>\n<p>The privilege of performing this music for others has shaped each of us individually and as an ensemble, and these pieces occupy a good part of the music ACME has performed as concert music. It was also chosen for this album, to exist on recorded media, because it is work that should exist in other scenarios beyond the concert experience: a long, slow walk; a frenetic commute; a late evening at home&#8230;<\/p>\n<p>This curated selection of pieces comes from different but rhyming sonic worlds and is some of the music we have grown to love the most in this varied and fast-changing world.<br \/>\n\u2014Clarice Jensen, ACME Cellist &amp; Artistic Director<\/p>\n<p>The American Contemporary Music Ensemble (ACME) is dedicated to the outstanding performance of masterworks from the 20th and 21st centuries, primarily the work of American composers. The ensemble presents music by living composers alongside the classics of the contemporary. ACME\u2019s dedication to new music extends across genres, and has earned them a reputation among both classical and rock crowds. NPR calls them \u201ccontemporary music dynamos,\u201d and The New York Times describes ACME\u2019s performances as \u201cvital,\u201d \u201cbrilliant,\u201d and \u201celectrifying.\u201d Time Out New York reports, \u201c[Artistic Director Clarice] Jensen has earned a sterling reputation for her fresh, inclusive mix of minimalists, maximalists, eclectics and newcomers.\u201d ACME was honored by ASCAP during its 10th anniversary season in 2015 for the \u201cvirtuosity, passion, and commitment with which it performs and champions American composers.\u201d<\/p>\n<p>ACME\u2019s instrumentation is flexible, and includes some of New York\u2019s most sought-after, engaging musicians. World premieres given by ACME include Ingram Marshall\u2019s Psalmbook, J\u00f3hann J\u00f3hannsson\u2019s Drone Mass, Caroline Shaw\u2019s Ritornello, Phil Kline\u2019s Out Cold, William Brittelle\u2019s Loving the Chambered Nautilus, Jefferson Friedman\u2019s On in Love, Timo Andres\u2019 Senior and Thrive on Routine, Caleb Burhans\u2019 Jahrzeit, and many more.<\/p>\n<p>ACME has recorded with Max Richter (Sleep, 2015) and J\u00f3hann J\u00f3hannsson (Orph\u00e9e, 2016) for Deutsche Grammophon, as well as for Butterscotch Records (Fantasias for String Quartet and Theremin, 2016), New World Records (Joseph Byrd: NYC 1960-1963, 2013), and New Amsterdam Records (On in Love, 2014 and Loving the Chambered Nautilus, 2012).<\/p>\n<p>The ensemble\u2019s many collaborators have included The Richard Alston Dance Company, Wayne McGregor\u2019s Random Dance, Gibney Dance, Satellite Ballet, actress Barbara Sukowa, filmmaker Jim Jarmusch, Blonde Redhead, Grizzly Bear, Low, Matmos, Jeff Mangum, A Winged Victory for the Sullen, Roomful of Teeth, Lionheart, and Theo Bleckmann.<\/p>\n<div class=\"shariff shariff-align-flex-start shariff-widget-align-flex-start\"><ul class=\"shariff-buttons theme-round orientation-horizontal buttonsize-medium\"><li class=\"shariff-button facebook shariff-nocustomcolor\" style=\"background-color:#4273c8;border-radius:50%\"><a href=\"https:\/\/www.facebook.com\/sharer\/sharer.php?u=https%3A%2F%2Fpureaudiorecordings.com%2Fen%2Fproduct%2Facme-thrive-on-routine%2F\" title=\"Share on Facebook\" aria-label=\"Share on Facebook\" role=\"button\" rel=\"nofollow\" class=\"shariff-link\" style=\";border-radius:50%; background-color:#3b5998; color:#fff\" target=\"_blank\"><span class=\"shariff-icon\" style=\"\"><svg width=\"32px\" height=\"20px\" xmlns=\"http:\/\/www.w3.org\/2000\/svg\" viewBox=\"0 0 18 32\"><path fill=\"#3b5998\" d=\"M17.1 0.2v4.7h-2.8q-1.5 0-2.1 0.6t-0.5 1.9v3.4h5.2l-0.7 5.3h-4.5v13.6h-5.5v-13.6h-4.5v-5.3h4.5v-3.9q0-3.3 1.9-5.2t5-1.8q2.6 0 4.1 0.2z\"\/><\/svg><\/span><\/a><\/li><li class=\"shariff-button twitter shariff-nocustomcolor\" style=\"background-color:#595959;border-radius:50%\"><a href=\"https:\/\/twitter.com\/share?url=https%3A%2F%2Fpureaudiorecordings.com%2Fen%2Fproduct%2Facme-thrive-on-routine%2F&text=ACME%20%E2%80%93%20Thrive%20on%20Routine\" title=\"Share on X\" aria-label=\"Share on X\" role=\"button\" rel=\"noopener nofollow\" class=\"shariff-link\" style=\";border-radius:50%; background-color:#000; color:#fff\" target=\"_blank\"><span class=\"shariff-icon\" style=\"\"><svg width=\"32px\" height=\"20px\" xmlns=\"http:\/\/www.w3.org\/2000\/svg\" viewBox=\"0 0 24 24\"><path fill=\"#000\" d=\"M14.258 10.152L23.176 0h-2.113l-7.747 8.813L7.133 0H0l9.352 13.328L0 23.973h2.113l8.176-9.309 6.531 9.309h7.133zm-2.895 3.293l-.949-1.328L2.875 1.56h3.246l6.086 8.523.945 1.328 7.91 11.078h-3.246zm0 0\"\/><\/svg><\/span><\/a><\/li><li class=\"shariff-button reddit shariff-nocustomcolor\" style=\"background-color:#ff5700;border-radius:50%\"><a href=\"https:\/\/www.reddit.com\/submit?url=https%3A%2F%2Fpureaudiorecordings.com%2Fen%2Fproduct%2Facme-thrive-on-routine%2F\" title=\"Share on Reddit\" aria-label=\"Share on Reddit\" role=\"button\" rel=\"noopener nofollow\" class=\"shariff-link\" style=\";border-radius:50%; background-color:#ff4500; color:#fff\" target=\"_blank\"><span class=\"shariff-icon\" style=\"\"><svg xmlns=\"http:\/\/www.w3.org\/2000\/svg\" viewBox=\"0 0 512 512\"><path fill=\"#ff4500\" d=\"M440.3 203.5c-15 0-28.2 6.2-37.9 15.9-35.7-24.7-83.8-40.6-137.1-42.3L293 52.3l88.2 19.8c0 21.6 17.6 39.2 39.2 39.2 22 0 39.7-18.1 39.7-39.7s-17.6-39.7-39.7-39.7c-15.4 0-28.7 9.3-35.3 22l-97.4-21.6c-4.9-1.3-9.7 2.2-11 7.1L246.3 177c-52.9 2.2-100.5 18.1-136.3 42.8-9.7-10.1-23.4-16.3-38.4-16.3-55.6 0-73.8 74.6-22.9 100.1-1.8 7.9-2.6 16.3-2.6 24.7 0 83.8 94.4 151.7 210.3 151.7 116.4 0 210.8-67.9 210.8-151.7 0-8.4-.9-17.2-3.1-25.1 49.9-25.6 31.5-99.7-23.8-99.7zM129.4 308.9c0-22 17.6-39.7 39.7-39.7 21.6 0 39.2 17.6 39.2 39.7 0 21.6-17.6 39.2-39.2 39.2-22 .1-39.7-17.6-39.7-39.2zm214.3 93.5c-36.4 36.4-139.1 36.4-175.5 0-4-3.5-4-9.7 0-13.7 3.5-3.5 9.7-3.5 13.2 0 27.8 28.5 120 29 149 0 3.5-3.5 9.7-3.5 13.2 0 4.1 4 4.1 10.2.1 13.7zm-.8-54.2c-21.6 0-39.2-17.6-39.2-39.2 0-22 17.6-39.7 39.2-39.7 22 0 39.7 17.6 39.7 39.7-.1 21.5-17.7 39.2-39.7 39.2z\"\/><\/svg><\/span><\/a><\/li><li class=\"shariff-button mailto shariff-nocustomcolor\" style=\"background-color:#a8a8a8;border-radius:50%\"><a href=\"mailto:?body=https%3A%2F%2Fpureaudiorecordings.com%2Fen%2Fproduct%2Facme-thrive-on-routine%2F&subject=ACME%20%E2%80%93%20Thrive%20on%20Routine\" title=\"Send by email\" aria-label=\"Send by email\" role=\"button\" rel=\"noopener nofollow\" class=\"shariff-link\" style=\";border-radius:50%; background-color:#999; color:#fff\"><span class=\"shariff-icon\" style=\"\"><svg width=\"32px\" height=\"20px\" xmlns=\"http:\/\/www.w3.org\/2000\/svg\" viewBox=\"0 0 32 32\"><path fill=\"#999\" d=\"M32 12.7v14.2q0 1.2-0.8 2t-2 0.9h-26.3q-1.2 0-2-0.9t-0.8-2v-14.2q0.8 0.9 1.8 1.6 6.5 4.4 8.9 6.1 1 0.8 1.6 1.2t1.7 0.9 2 0.4h0.1q0.9 0 2-0.4t1.7-0.9 1.6-1.2q3-2.2 8.9-6.1 1-0.7 1.8-1.6zM32 7.4q0 1.4-0.9 2.7t-2.2 2.2q-6.7 4.7-8.4 5.8-0.2 0.1-0.7 0.5t-1 0.7-0.9 0.6-1.1 0.5-0.9 0.2h-0.1q-0.4 0-0.9-0.2t-1.1-0.5-0.9-0.6-1-0.7-0.7-0.5q-1.6-1.1-4.7-3.2t-3.6-2.6q-1.1-0.7-2.1-2t-1-2.5q0-1.4 0.7-2.3t2.1-0.9h26.3q1.2 0 2 0.8t0.9 2z\"\/><\/svg><\/span><\/a><\/li><li class=\"shariff-button rss shariff-nocustomcolor\" style=\"background-color:#ff8c00;border-radius:50%\"><a href=\"https:\/\/pureaudiorecordings.com\/en\/feed\/rss\/\" title=\"RSS feed\" aria-label=\"RSS feed\" role=\"button\" class=\"shariff-link\" style=\";border-radius:50%; background-color:#fe9312; color:#fff\" target=\"_blank\"><span class=\"shariff-icon\" style=\"\"><svg width=\"32px\" height=\"20px\" xmlns=\"http:\/\/www.w3.org\/2000\/svg\" viewBox=\"0 0 32 32\"><path fill=\"#fe9312\" d=\"M4.3 23.5c-2.3 0-4.3 1.9-4.3 4.3 0 2.3 1.9 4.2 4.3 4.2 2.4 0 4.3-1.9 4.3-4.2 0-2.3-1.9-4.3-4.3-4.3zM0 10.9v6.1c4 0 7.7 1.6 10.6 4.4 2.8 2.8 4.4 6.6 4.4 10.6h6.2c0-11.7-9.5-21.1-21.1-21.1zM0 0v6.1c14.2 0 25.8 11.6 25.8 25.9h6.2c0-17.6-14.4-32-32-32z\"\/><\/svg><\/span><\/a><\/li><\/ul><\/div>","protected":false},"excerpt":{"rendered":"<p>In many ways, this album represents the debut recording of ACME, Thrive on Routine. The collection of pieces here was chosen for very pure and simple reasons; each work is a piece we love and to which we feel quite intimately connected. The performance of this music is an expression of affection and closeness, not [&hellip;]<\/p>\n","protected":false},"featured_media":740,"template":"","meta":{"_acf_changed":false},"product_brand":[],"product_cat":[56,92],"product_tag":[87,204,407],"product-type":[402],"specials":[],"audio-formats":[130,131,132],"additional-disc":[112],"recorded-in":[157],"mshuttle":[78,80],"label":[121],"class_list":{"0":"post-1052","1":"product","2":"type-product","3":"status-publish","4":"has-post-thumbnail","6":"product_cat-classical-en-3","7":"product_cat-chamber-music","8":"product_tag-sono-luminus","9":"product_tag-auro","10":"product_tag-pabd","11":"product-type-pure-audio-blu-ray","12":"audio-formats-auro-3d-filter-tag","13":"audio-formats-surround-sound","14":"audio-formats-stereo","15":"additional-disc-cd-audio","16":"recorded-in-n-a","17":"mshuttle-mp3","18":"mshuttle-flac","19":"label-sono-luminus","21":"first","22":"instock","23":"taxable","24":"shipping-taxable","25":"purchasable","26":"product-type-simple"},"acf":[],"yoast_head":"<!-- This site is optimized with the Yoast SEO plugin v27.3 - https:\/\/yoast.com\/product\/yoast-seo-wordpress\/ -->\n<title>ACME - Thrive on Routine - Pure Audio Recordings<\/title>\n<meta name=\"robots\" content=\"index, follow, max-snippet:-1, max-image-preview:large, max-video-preview:-1\" \/>\n<link rel=\"canonical\" href=\"https:\/\/pureaudiorecordings.com\/en\/product\/acme-thrive-on-routine\/\" \/>\n<meta property=\"og:locale\" content=\"en_US\" \/>\n<meta property=\"og:type\" content=\"article\" \/>\n<meta property=\"og:title\" content=\"ACME - Thrive on Routine - Pure Audio Recordings\" \/>\n<meta property=\"og:description\" content=\"In many ways, this album represents the debut recording of ACME, Thrive on Routine. The collection of pieces here was chosen for very pure and simple reasons; each work is a piece we love and to which we feel quite intimately connected. The performance of this music is an expression of affection and closeness, not [&hellip;]\" \/>\n<meta property=\"og:url\" content=\"https:\/\/pureaudiorecordings.com\/en\/product\/acme-thrive-on-routine\/\" \/>\n<meta property=\"og:site_name\" content=\"Pure Audio Recordings\" \/>\n<meta property=\"article:publisher\" content=\"https:\/\/www.facebook.com\/pureaudiorecordings\/\" \/>\n<meta property=\"article:modified_time\" content=\"2026-03-16T13:08:56+00:00\" \/>\n<meta property=\"og:image\" content=\"https:\/\/pureaudiorecordings.com\/wp-content\/uploads\/2019\/01\/acme-thrive-on-routine_front-1.jpg\" \/>\n\t<meta property=\"og:image:width\" content=\"1200\" \/>\n\t<meta property=\"og:image:height\" content=\"1200\" \/>\n\t<meta property=\"og:image:type\" content=\"image\/jpeg\" \/>\n<meta name=\"twitter:card\" content=\"summary_large_image\" \/>\n<meta name=\"twitter:site\" content=\"@PArecordings\" \/>\n<meta name=\"twitter:label1\" content=\"Est. reading time\" \/>\n\t<meta name=\"twitter:data1\" content=\"2 minutes\" \/>\n<script type=\"application\/ld+json\" class=\"yoast-schema-graph\">{\"@context\":\"https:\\\/\\\/schema.org\",\"@graph\":[{\"@type\":\"WebPage\",\"@id\":\"https:\\\/\\\/pureaudiorecordings.com\\\/en\\\/product\\\/acme-thrive-on-routine\\\/\",\"url\":\"https:\\\/\\\/pureaudiorecordings.com\\\/en\\\/product\\\/acme-thrive-on-routine\\\/\",\"name\":\"ACME - Thrive on Routine - Pure Audio Recordings\",\"isPartOf\":{\"@id\":\"https:\\\/\\\/pureaudiorecordings.com\\\/en\\\/#website\"},\"primaryImageOfPage\":{\"@id\":\"https:\\\/\\\/pureaudiorecordings.com\\\/en\\\/product\\\/acme-thrive-on-routine\\\/#primaryimage\"},\"image\":{\"@id\":\"https:\\\/\\\/pureaudiorecordings.com\\\/en\\\/product\\\/acme-thrive-on-routine\\\/#primaryimage\"},\"thumbnailUrl\":\"https:\\\/\\\/pureaudiorecordings.com\\\/wp-content\\\/uploads\\\/2019\\\/01\\\/acme-thrive-on-routine_front-1.jpg\",\"datePublished\":\"2017-03-24T15:46:04+00:00\",\"dateModified\":\"2026-03-16T13:08:56+00:00\",\"breadcrumb\":{\"@id\":\"https:\\\/\\\/pureaudiorecordings.com\\\/en\\\/product\\\/acme-thrive-on-routine\\\/#breadcrumb\"},\"inLanguage\":\"en-US\",\"potentialAction\":[{\"@type\":\"ReadAction\",\"target\":[\"https:\\\/\\\/pureaudiorecordings.com\\\/en\\\/product\\\/acme-thrive-on-routine\\\/\"]}]},{\"@type\":\"ImageObject\",\"inLanguage\":\"en-US\",\"@id\":\"https:\\\/\\\/pureaudiorecordings.com\\\/en\\\/product\\\/acme-thrive-on-routine\\\/#primaryimage\",\"url\":\"https:\\\/\\\/pureaudiorecordings.com\\\/wp-content\\\/uploads\\\/2019\\\/01\\\/acme-thrive-on-routine_front-1.jpg\",\"contentUrl\":\"https:\\\/\\\/pureaudiorecordings.com\\\/wp-content\\\/uploads\\\/2019\\\/01\\\/acme-thrive-on-routine_front-1.jpg\",\"width\":1200,\"height\":1200},{\"@type\":\"BreadcrumbList\",\"@id\":\"https:\\\/\\\/pureaudiorecordings.com\\\/en\\\/product\\\/acme-thrive-on-routine\\\/#breadcrumb\",\"itemListElement\":[{\"@type\":\"ListItem\",\"position\":1,\"name\":\"Home\",\"item\":\"https:\\\/\\\/pureaudiorecordings.com\\\/en\\\/welcome-to-pure-audio-recordings\\\/\"},{\"@type\":\"ListItem\",\"position\":2,\"name\":\"Shop\",\"item\":\"https:\\\/\\\/pureaudiorecordings.com\\\/shop\\\/\"},{\"@type\":\"ListItem\",\"position\":3,\"name\":\"ACME &#8211; Thrive on Routine\"}]},{\"@type\":\"WebSite\",\"@id\":\"https:\\\/\\\/pureaudiorecordings.com\\\/en\\\/#website\",\"url\":\"https:\\\/\\\/pureaudiorecordings.com\\\/en\\\/\",\"name\":\"Pure Audio Recordings\",\"description\":\"Music for people with a preference for physical high definition audio\",\"publisher\":{\"@id\":\"https:\\\/\\\/pureaudiorecordings.com\\\/en\\\/#organization\"},\"potentialAction\":[{\"@type\":\"SearchAction\",\"target\":{\"@type\":\"EntryPoint\",\"urlTemplate\":\"https:\\\/\\\/pureaudiorecordings.com\\\/en\\\/?s={search_term_string}\"},\"query-input\":{\"@type\":\"PropertyValueSpecification\",\"valueRequired\":true,\"valueName\":\"search_term_string\"}}],\"inLanguage\":\"en-US\"},{\"@type\":\"Organization\",\"@id\":\"https:\\\/\\\/pureaudiorecordings.com\\\/en\\\/#organization\",\"name\":\"Pure Audio Recordings\",\"url\":\"https:\\\/\\\/pureaudiorecordings.com\\\/en\\\/\",\"logo\":{\"@type\":\"ImageObject\",\"inLanguage\":\"en-US\",\"@id\":\"https:\\\/\\\/pureaudiorecordings.com\\\/en\\\/#\\\/schema\\\/logo\\\/image\\\/\",\"url\":\"https:\\\/\\\/pureaudiorecordings.com\\\/wp-content\\\/uploads\\\/2019\\\/01\\\/parec_logo_black-e1552581402778.png\",\"contentUrl\":\"https:\\\/\\\/pureaudiorecordings.com\\\/wp-content\\\/uploads\\\/2019\\\/01\\\/parec_logo_black-e1552581402778.png\",\"width\":110,\"height\":67,\"caption\":\"Pure Audio Recordings\"},\"image\":{\"@id\":\"https:\\\/\\\/pureaudiorecordings.com\\\/en\\\/#\\\/schema\\\/logo\\\/image\\\/\"},\"sameAs\":[\"https:\\\/\\\/www.facebook.com\\\/pureaudiorecordings\\\/\",\"https:\\\/\\\/x.com\\\/PArecordings\"]}]}<\/script>\n<!-- \/ Yoast SEO plugin. -->","yoast_head_json":{"title":"ACME - Thrive on Routine - Pure Audio Recordings","robots":{"index":"index","follow":"follow","max-snippet":"max-snippet:-1","max-image-preview":"max-image-preview:large","max-video-preview":"max-video-preview:-1"},"canonical":"https:\/\/pureaudiorecordings.com\/en\/product\/acme-thrive-on-routine\/","og_locale":"en_US","og_type":"article","og_title":"ACME - Thrive on Routine - Pure Audio Recordings","og_description":"In many ways, this album represents the debut recording of ACME, Thrive on Routine. The collection of pieces here was chosen for very pure and simple reasons; each work is a piece we love and to which we feel quite intimately connected. The performance of this music is an expression of affection and closeness, not [&hellip;]","og_url":"https:\/\/pureaudiorecordings.com\/en\/product\/acme-thrive-on-routine\/","og_site_name":"Pure Audio Recordings","article_publisher":"https:\/\/www.facebook.com\/pureaudiorecordings\/","article_modified_time":"2026-03-16T13:08:56+00:00","og_image":[{"width":1200,"height":1200,"url":"https:\/\/pureaudiorecordings.com\/wp-content\/uploads\/2019\/01\/acme-thrive-on-routine_front-1.jpg","type":"image\/jpeg"}],"twitter_card":"summary_large_image","twitter_site":"@PArecordings","twitter_misc":{"Est. reading time":"2 minutes"},"schema":{"@context":"https:\/\/schema.org","@graph":[{"@type":"WebPage","@id":"https:\/\/pureaudiorecordings.com\/en\/product\/acme-thrive-on-routine\/","url":"https:\/\/pureaudiorecordings.com\/en\/product\/acme-thrive-on-routine\/","name":"ACME - Thrive on Routine - Pure Audio Recordings","isPartOf":{"@id":"https:\/\/pureaudiorecordings.com\/en\/#website"},"primaryImageOfPage":{"@id":"https:\/\/pureaudiorecordings.com\/en\/product\/acme-thrive-on-routine\/#primaryimage"},"image":{"@id":"https:\/\/pureaudiorecordings.com\/en\/product\/acme-thrive-on-routine\/#primaryimage"},"thumbnailUrl":"https:\/\/pureaudiorecordings.com\/wp-content\/uploads\/2019\/01\/acme-thrive-on-routine_front-1.jpg","datePublished":"2017-03-24T15:46:04+00:00","dateModified":"2026-03-16T13:08:56+00:00","breadcrumb":{"@id":"https:\/\/pureaudiorecordings.com\/en\/product\/acme-thrive-on-routine\/#breadcrumb"},"inLanguage":"en-US","potentialAction":[{"@type":"ReadAction","target":["https:\/\/pureaudiorecordings.com\/en\/product\/acme-thrive-on-routine\/"]}]},{"@type":"ImageObject","inLanguage":"en-US","@id":"https:\/\/pureaudiorecordings.com\/en\/product\/acme-thrive-on-routine\/#primaryimage","url":"https:\/\/pureaudiorecordings.com\/wp-content\/uploads\/2019\/01\/acme-thrive-on-routine_front-1.jpg","contentUrl":"https:\/\/pureaudiorecordings.com\/wp-content\/uploads\/2019\/01\/acme-thrive-on-routine_front-1.jpg","width":1200,"height":1200},{"@type":"BreadcrumbList","@id":"https:\/\/pureaudiorecordings.com\/en\/product\/acme-thrive-on-routine\/#breadcrumb","itemListElement":[{"@type":"ListItem","position":1,"name":"Home","item":"https:\/\/pureaudiorecordings.com\/en\/welcome-to-pure-audio-recordings\/"},{"@type":"ListItem","position":2,"name":"Shop","item":"https:\/\/pureaudiorecordings.com\/shop\/"},{"@type":"ListItem","position":3,"name":"ACME &#8211; Thrive on Routine"}]},{"@type":"WebSite","@id":"https:\/\/pureaudiorecordings.com\/en\/#website","url":"https:\/\/pureaudiorecordings.com\/en\/","name":"Pure Audio Recordings","description":"Music for people with a preference for physical high definition audio","publisher":{"@id":"https:\/\/pureaudiorecordings.com\/en\/#organization"},"potentialAction":[{"@type":"SearchAction","target":{"@type":"EntryPoint","urlTemplate":"https:\/\/pureaudiorecordings.com\/en\/?s={search_term_string}"},"query-input":{"@type":"PropertyValueSpecification","valueRequired":true,"valueName":"search_term_string"}}],"inLanguage":"en-US"},{"@type":"Organization","@id":"https:\/\/pureaudiorecordings.com\/en\/#organization","name":"Pure Audio Recordings","url":"https:\/\/pureaudiorecordings.com\/en\/","logo":{"@type":"ImageObject","inLanguage":"en-US","@id":"https:\/\/pureaudiorecordings.com\/en\/#\/schema\/logo\/image\/","url":"https:\/\/pureaudiorecordings.com\/wp-content\/uploads\/2019\/01\/parec_logo_black-e1552581402778.png","contentUrl":"https:\/\/pureaudiorecordings.com\/wp-content\/uploads\/2019\/01\/parec_logo_black-e1552581402778.png","width":110,"height":67,"caption":"Pure Audio Recordings"},"image":{"@id":"https:\/\/pureaudiorecordings.com\/en\/#\/schema\/logo\/image\/"},"sameAs":["https:\/\/www.facebook.com\/pureaudiorecordings\/","https:\/\/x.com\/PArecordings"]}]}},"_links":{"self":[{"href":"https:\/\/pureaudiorecordings.com\/en\/wp-json\/wp\/v2\/product\/1052","targetHints":{"allow":["GET"]}}],"collection":[{"href":"https:\/\/pureaudiorecordings.com\/en\/wp-json\/wp\/v2\/product"}],"about":[{"href":"https:\/\/pureaudiorecordings.com\/en\/wp-json\/wp\/v2\/types\/product"}],"version-history":[{"count":0,"href":"https:\/\/pureaudiorecordings.com\/en\/wp-json\/wp\/v2\/product\/1052\/revisions"}],"wp:featuredmedia":[{"embeddable":true,"href":"https:\/\/pureaudiorecordings.com\/en\/wp-json\/wp\/v2\/media\/740"}],"wp:attachment":[{"href":"https:\/\/pureaudiorecordings.com\/en\/wp-json\/wp\/v2\/media?parent=1052"}],"wp:term":[{"taxonomy":"product_brand","embeddable":true,"href":"https:\/\/pureaudiorecordings.com\/en\/wp-json\/wp\/v2\/product_brand?post=1052"},{"taxonomy":"product_cat","embeddable":true,"href":"https:\/\/pureaudiorecordings.com\/en\/wp-json\/wp\/v2\/product_cat?post=1052"},{"taxonomy":"product_tag","embeddable":true,"href":"https:\/\/pureaudiorecordings.com\/en\/wp-json\/wp\/v2\/product_tag?post=1052"},{"taxonomy":"product-type","embeddable":true,"href":"https:\/\/pureaudiorecordings.com\/en\/wp-json\/wp\/v2\/product-type?post=1052"},{"taxonomy":"specials","embeddable":true,"href":"https:\/\/pureaudiorecordings.com\/en\/wp-json\/wp\/v2\/specials?post=1052"},{"taxonomy":"audio-formats","embeddable":true,"href":"https:\/\/pureaudiorecordings.com\/en\/wp-json\/wp\/v2\/audio-formats?post=1052"},{"taxonomy":"additional-disc","embeddable":true,"href":"https:\/\/pureaudiorecordings.com\/en\/wp-json\/wp\/v2\/additional-disc?post=1052"},{"taxonomy":"recorded-in","embeddable":true,"href":"https:\/\/pureaudiorecordings.com\/en\/wp-json\/wp\/v2\/recorded-in?post=1052"},{"taxonomy":"mshuttle","embeddable":true,"href":"https:\/\/pureaudiorecordings.com\/en\/wp-json\/wp\/v2\/mshuttle?post=1052"},{"taxonomy":"label","embeddable":true,"href":"https:\/\/pureaudiorecordings.com\/en\/wp-json\/wp\/v2\/label?post=1052"}],"curies":[{"name":"wp","href":"https:\/\/api.w.org\/{rel}","templated":true}]}}